{"id":1273,"date":"2026-03-07T14:48:11","date_gmt":"2026-03-07T13:48:11","guid":{"rendered":"http:\/\/spatterlight.de\/?page_id=1273"},"modified":"2026-03-07T14:52:01","modified_gmt":"2026-03-07T13:52:01","slug":"der-welten-denker-und-andere-geschichten","status":"publish","type":"page","link":"http:\/\/spatterlight.de\/?page_id=1273","title":{"rendered":"Der Welten-Denker und andere Geschichten"},"content":{"rendered":"\n<p class=\"has-text-align-center\"><img loading=\"lazy\" decoding=\"async\" width=\"1500\" height=\"1974\" class=\"wp-image-1272\" style=\"width: 250px;\" src=\"http:\/\/spatterlight.de\/wp-content\/uploads\/2026\/03\/The-World-Thinker-DE.jpg\" alt=\"\" srcset=\"http:\/\/spatterlight.de\/wp-content\/uploads\/2026\/03\/The-World-Thinker-DE.jpg 1500w, http:\/\/spatterlight.de\/wp-content\/uploads\/2026\/03\/The-World-Thinker-DE-228x300.jpg 228w, http:\/\/spatterlight.de\/wp-content\/uploads\/2026\/03\/The-World-Thinker-DE-778x1024.jpg 778w, http:\/\/spatterlight.de\/wp-content\/uploads\/2026\/03\/The-World-Thinker-DE-768x1011.jpg 768w, http:\/\/spatterlight.de\/wp-content\/uploads\/2026\/03\/The-World-Thinker-DE-1167x1536.jpg 1167w\" sizes=\"(max-width: 1500px) 100vw, 1500px\" \/><\/p>\n\n\n\n<p class=\"has-text-align-center\">The World-Thinker and Other Stories<br>USA, 2017<br>\u00dcbersetzt von Andreas Irle<br>Seiten 416<br>Spatterlight, 2026<br>ISBN 978-1-61947-486-4<br>\u20ac 5,99<br><br><a href=\"https:\/\/www.amazon.de\/dp\/B0GRGZ1C7P\/ref=sr_1_4?__mk_de_DE=%C3%85M%C3%85%C5%BD%C3%95%C3%91&amp;crid=3N5B9J4BT01PY&amp;dib=eyJ2IjoiMSJ9.WE0OQANPeutbggkvi1zz-lllk1Hw9HQ8lLnvdNLgXyGLxg0yw4nkcIZ8hDz1_tSv-PUezmn8DPs9SWY9jb2gYTKihoVXFrsMV660ThjC1DCR8a0rw2j0CbWTQ5MspGT32_f0McIDvZjHkHVJWnpAxne_kLB1ZqApVsSqL8AukCW1PLW3WmkuyVR_wZvywk_OwDwS3hYS8_G6uhsr5RAJZbRvy3Wh9NGXPbZDOOb5L9o._7_JqnSl_At9VYkT0mIREFeitvGguNccY-koHyjeIKo&amp;dib_tag=se&amp;keywords=der+welten-denker&amp;qid=1772887031&amp;s=digital-text&amp;sprefix=der+welten-denker%2Cdigital-text%2C135&amp;sr=1-4\">amazon<\/a><br><a href=\"https:\/\/www.xinxii.com\/belletristik-1\/science-fiction-12?product_id=535042\">spatterlight<\/a><\/p>\n\n\n\n<p class=\"has-text-align-center\">Inhaltsverzeichnis:<br>Der Welten-Denker<br>Traumschloss<br>Der Tempel von Han<br>Die zehn B\u00fccher<br>Sieben Ausg\u00e4nge von Bocz<br>Telek<br>Das Geheimnis<br>Musik der Sph\u00e4ren<br>Fl\u00fcchtlinge<br>Der zerstreute Professor<br>Der Teufel auf der Segensklippe<br>Der Phantom-Milchmann<br>Wo Hesperos f\u00e4llt<br>Leitfaden f\u00fcr Praktiker<br>Die Hausherren<\/p>\n\n\n\n<p class=\"has-text-align-left\"><br>In Der Welten-Denker und andere Geschichten sind 15 Geschichten von Jack Vance gesammelt. Darunter mit \u201eDer Welten-Denker\u201c seine erste \u00fcberhaupt ver\u00f6ffentlichte, die er auf hoher See w\u00e4hrend des zweiten Weltkriegs geschrieben hat. Im Laufe seiner Schriftstellerkarriere ist er tats\u00e4chlich selbst zu einem Welten-Denker geworden. Die von ihm erdachten Welten und Kulturen sind mannigfaltig, exotisch, bunt.<br>H\u00f6hepunkt diese Sammlung d\u00fcrfte allerdings \u201eMusik der Sph\u00e4ren\u201c sein, eine atmosph\u00e4risch dichte Geschichte \u00fcber die Erlebnisse eines Raumfahrers auf einem von ihm entdeckten Planeten.<br>Und es gibt weitere Geschichten, die hierzulande bisher nur in limitierten Sammlerausgaben erschienen sind: \u201eFl\u00fcchtlinge\u201c, \u201eDer zerstreute Professor\u201c, \u201eDer Phantom-Milchmann\u201c, \u201cLeitfaden f\u00fcr Praktiker\u201c.<br>Zum ersten Mal auf Deutsch erscheint \u201eDie Hausherren\u201c.<\/p>\n","protected":false},"excerpt":{"rendered":"<p>The World-Thinker and Other StoriesUSA, 2017\u00dcbersetzt von Andreas IrleSeiten 416Spatterlight, 2026ISBN 978-1-61947-486-4\u20ac 5,99 amazonspatterlight Inhaltsverzeichnis:Der Welten-DenkerTraumschlossDer Tempel von HanDie zehn B\u00fccherSieben Ausg\u00e4nge von BoczTelekDas GeheimnisMusik der Sph\u00e4renFl\u00fcchtlingeDer zerstreute ProfessorDer Teufel auf der SegensklippeDer Phantom-MilchmannWo Hesperos f\u00e4lltLeitfaden f\u00fcr PraktikerDie Hausherren In Der Welten-Denker und andere Geschichten sind 15 Geschichten von Jack Vance gesammelt. Darunter mit \u201eDer Welten-Denker\u201c seine erste \u00fcberhaupt ver\u00f6ffentlichte,&nbsp;<a href=\"http:\/\/spatterlight.de\/?page_id=1273\" class=\"read-more\">Weiter lesen<\/a><\/p>\n","protected":false},"author":2,"featured_media":0,"parent":0,"menu_order":0,"comment_status":"closed","ping_status":"closed","template":"","meta":{"footnotes":""},"_links":{"self":[{"href":"http:\/\/spatterlight.de\/index.php?rest_route=\/wp\/v2\/pages\/1273"}],"collection":[{"href":"http:\/\/spatterlight.de\/index.php?rest_route=\/wp\/v2\/pages"}],"about":[{"href":"http:\/\/spatterlight.de\/index.php?rest_route=\/wp\/v2\/types\/page"}],"author":[{"embeddable":true,"href":"http:\/\/spatterlight.de\/index.php?rest_route=\/wp\/v2\/users\/2"}],"replies":[{"embeddable":true,"href":"http:\/\/spatterlight.de\/index.php?rest_route=%2Fwp%2Fv2%2Fcomments&post=1273"}],"version-history":[{"count":2,"href":"http:\/\/spatterlight.de\/index.php?rest_route=\/wp\/v2\/pages\/1273\/revisions"}],"predecessor-version":[{"id":1281,"href":"http:\/\/spatterlight.de\/index.php?rest_route=\/wp\/v2\/pages\/1273\/revisions\/1281"}],"wp:attachment":[{"href":"http:\/\/spatterlight.de\/index.php?rest_route=%2Fwp%2Fv2%2Fmedia&parent=1273"}],"curies":[{"name":"wp","href":"https:\/\/api.w.org\/{rel}","templated":true}]}}