{"id":131,"date":"2017-07-08T12:34:26","date_gmt":"2017-07-08T10:34:26","guid":{"rendered":"http:\/\/editionandreasirle.com\/?page_id=131"},"modified":"2019-03-12T15:20:19","modified_gmt":"2019-03-12T14:20:19","slug":"t-nachtlicht","status":"publish","type":"page","link":"http:\/\/spatterlight.de\/?page_id=131","title":{"rendered":"Nachtlicht"},"content":{"rendered":"<p style=\"text-align: center;\"><img loading=\"lazy\" decoding=\"async\" class=\"aligncenter size-medium wp-image-897\" src=\"http:\/\/spatterlight.de\/wp-content\/uploads\/2016\/11\/Nachtlicht-DE-225x300.jpg\" alt=\"\" width=\"225\" height=\"300\" srcset=\"http:\/\/spatterlight.de\/wp-content\/uploads\/2016\/11\/Nachtlicht-DE-225x300.jpg 225w, http:\/\/spatterlight.de\/wp-content\/uploads\/2016\/11\/Nachtlicht-DE-768x1024.jpg 768w, http:\/\/spatterlight.de\/wp-content\/uploads\/2016\/11\/Nachtlicht-DE.jpg 1500w\" sizes=\"(max-width: 225px) 100vw, 225px\" \/><\/p>\n<p style=\"text-align: center;\">Night Lamp<br \/>\nUSA, 1996<br \/>\n\u00dcbersetzt von Andreas Irle<br \/>\n539 Seiten<br \/>\nSpatterlight, 2019<br \/>\nISBN\u00a0 978-1-61947-365-2<br \/>\n\u20ac 6,99<\/p>\n<p style=\"text-align: center;\"><a href=\"http:\/\/www.xinxii.com\/nachtlicht-p-385883.html\" target=\"_blank\" rel=\"noopener noreferrer\">xinxii<\/a><br \/>\n<a href=\"https:\/\/www.amazon.de\/dp\/B07PM4KWPS\/ref=sr_1_1?s=digital-text&amp;ie=UTF8&amp;qid=1552390839&amp;sr=1-1&amp;keywords=jack+vance+spatterlight\" target=\"_blank\" rel=\"noopener noreferrer\">amazon<\/a><\/p>\n<p>Jaro wird als Kind halbtot von den Musikologen Hilyer und Althea Fath aufgefunden. Sie gewinnen ihn lieb, adoptieren ihn und nehmen ihn mit nach Merriehew, ihrem Zuhause in Thanet auf der Welt Gallingale. Doch irgendetwas ist mit Jaros Verstand nicht in Ordnung. Seltsame Stimmen und Bilder setzen ihm zu; ihm fehlen die Erinnerungen seiner fr\u00fchen Kindheit und an seine leiblichen Eltern. Er muss in psychologische Behandlung. Dies und sein Status als \u00bbNimp\u00ab, einem Clublosen in einer Welt, deren Prestigedenken sich im Streben nach der Mitgliedschaft in m\u00f6glichst exklusiven Clubs ausdr\u00fcckt, machen es ihm schwer, am gesellschaftlichen Leben teilzunehmen. Hinzu kommt der immer st\u00e4rker werdender Wunsch Jaros, Raummann zu werden und nach seinen Wurzeln zu suchen. Doch die Faths m\u00f6chten Jaro beh\u00fctet wissen und mit einer guten Ausbildung auf das Leben vorbereiten.<\/p>\n<p>Alles \u00e4ndert sich, als zwei Au\u00dferwelter nach Thanet kommen: Gaing Neitzbeck und Tawn Mahiac. Worin besteht ihr Interesse an Jaro? Was f\u00fchren sie im Schilde?<\/p>\n<p>&nbsp;<\/p>\n","protected":false},"excerpt":{"rendered":"<p>Night Lamp USA, 1996 \u00dcbersetzt von Andreas Irle 539 Seiten Spatterlight, 2019 ISBN\u00a0 978-1-61947-365-2 \u20ac 6,99 xinxii amazon Jaro wird als Kind halbtot von den Musikologen Hilyer und Althea Fath aufgefunden. Sie gewinnen ihn lieb, adoptieren ihn und nehmen ihn mit nach Merriehew, ihrem Zuhause in Thanet auf der Welt Gallingale. Doch irgendetwas ist mit Jaros Verstand nicht in Ordnung.&nbsp;<a href=\"http:\/\/spatterlight.de\/?page_id=131\" class=\"read-more\">Weiter lesen<\/a><\/p>\n","protected":false},"author":2,"featured_media":0,"parent":369,"menu_order":0,"comment_status":"closed","ping_status":"closed","template":"","meta":{"footnotes":""},"_links":{"self":[{"href":"http:\/\/spatterlight.de\/index.php?rest_route=\/wp\/v2\/pages\/131"}],"collection":[{"href":"http:\/\/spatterlight.de\/index.php?rest_route=\/wp\/v2\/pages"}],"about":[{"href":"http:\/\/spatterlight.de\/index.php?rest_route=\/wp\/v2\/types\/page"}],"author":[{"embeddable":true,"href":"http:\/\/spatterlight.de\/index.php?rest_route=\/wp\/v2\/users\/2"}],"replies":[{"embeddable":true,"href":"http:\/\/spatterlight.de\/index.php?rest_route=%2Fwp%2Fv2%2Fcomments&post=131"}],"version-history":[{"count":14,"href":"http:\/\/spatterlight.de\/index.php?rest_route=\/wp\/v2\/pages\/131\/revisions"}],"predecessor-version":[{"id":901,"href":"http:\/\/spatterlight.de\/index.php?rest_route=\/wp\/v2\/pages\/131\/revisions\/901"}],"up":[{"embeddable":true,"href":"http:\/\/spatterlight.de\/index.php?rest_route=\/wp\/v2\/pages\/369"}],"wp:attachment":[{"href":"http:\/\/spatterlight.de\/index.php?rest_route=%2Fwp%2Fv2%2Fmedia&parent=131"}],"curies":[{"name":"wp","href":"https:\/\/api.w.org\/{rel}","templated":true}]}}