{"id":146,"date":"2017-07-08T12:34:23","date_gmt":"2017-07-08T10:34:23","guid":{"rendered":"http:\/\/editionandreasirle.com\/?page_id=146"},"modified":"2024-02-26T20:26:39","modified_gmt":"2024-02-26T19:26:39","slug":"t-mordmaschine-die","status":"publish","type":"page","link":"http:\/\/spatterlight.de\/?page_id=146","title":{"rendered":"Die D\u00e4monenf\u00fcrsten II: Die Mordmaschine"},"content":{"rendered":"\n<p><\/p>\n\n\n<p style=\"text-align: center;\"><img loading=\"lazy\" decoding=\"async\" class=\"aligncenter size-medium wp-image-1101\" src=\"http:\/\/spatterlight.de\/wp-content\/uploads\/2021\/12\/Die-Mordmaschine-DE-226x300.jpg\" alt=\"\" width=\"226\" height=\"300\" srcset=\"http:\/\/spatterlight.de\/wp-content\/uploads\/2021\/12\/Die-Mordmaschine-DE-226x300.jpg 226w, http:\/\/spatterlight.de\/wp-content\/uploads\/2021\/12\/Die-Mordmaschine-DE-772x1024.jpg 772w, http:\/\/spatterlight.de\/wp-content\/uploads\/2021\/12\/Die-Mordmaschine-DE-768x1019.jpg 768w, http:\/\/spatterlight.de\/wp-content\/uploads\/2021\/12\/Die-Mordmaschine-DE-1158x1536.jpg 1158w, http:\/\/spatterlight.de\/wp-content\/uploads\/2021\/12\/Die-Mordmaschine-DE-1543x2048.jpg 1543w, http:\/\/spatterlight.de\/wp-content\/uploads\/2021\/12\/Die-Mordmaschine-DE.jpg 1600w\" sizes=\"(max-width: 226px) 100vw, 226px\" \/>The Killing Machine<\/p>\n<p style=\"text-align: center;\">USA, 1964<br>\u00dcbersetzt von Andreas Irle<br>211 Seiten<\/p>\n<p style=\"text-align: center;\">Spatterlight, 2021<br>ISBN&nbsp; 978-1-61947-421-5<br>Preis: \u20ac 4,99<\/p>\n<p style=\"text-align: center;\"><a href=\"https:\/\/www.amazon.de\/Die-D%C3%A4monenf%C3%BCrsten-II-Mordmaschine-ebook\/dp\/B09N2F8RVG\/ref=sr_1_3?__mk_de_DE=%C3%85M%C3%85%C5%BD%C3%95%C3%91&amp;crid=156HJL58BMVSF&amp;keywords=vance+d%C3%A4monenf%C3%BCrsten&amp;qid=1639836848&amp;s=digital-text&amp;sprefix=vance+d%C3%A4monenf%C3%BCrsten%2Cdigital-text%2C77&amp;sr=1-3\" target=\"_blank\" rel=\"noopener\">amazon<\/a><br><a href=\"https:\/\/www.xinxii.com\/belletristik-1\/science-fiction-12?product_id=510354\" target=\"_blank\" rel=\"noopener\">Spatterlight-Shop<\/a><\/p>\n<p>\u00bbMeine Vorstellung ist folgende\u00ab, sagte Gersen. \u00bbKokor Hekkus hat nahezu eine halbe Million SVE aus uns herausgelockt. Ich m\u00f6chte das Geld zur\u00fcckhaben. Wir m\u00fcssen das Fort so ver\u00e4ndern, dass es funktioniert, wie es Kokor Hekkus gef\u00e4llt. Dann verkaufen wir es ihm f\u00fcr den vollen urspr\u00fcnglichen Preis.\u00ab<br>\u00bbM\u00f6glicherweise. Aber es gibt Schwierigkeiten. Er mag das Fort jetzt nicht mehr brauchen. Oder er mag das Geld nicht haben. Letzten Endes haben wir keinen Bedarf an seinem schmutzigen Geld, das aus den verwerflichsten Verbrechen stammt, die man sich nur vorstellen kann! Vielleicht k\u00f6nnen wir das Monstrum als Kuriosit\u00e4t verkaufen oder sogar Sitze auf dem R\u00fccken montieren und es als exzentrischen Gesellschaftswagen ausschreiben. Haben Sie keine Angst, Kirth Gersen! Ihr Geld ist sicher!\u00ab<br>\u00bbIch bin nicht an dem Geld interessiert\u00ab, meinte Gersen. \u00bbIch will Kokor Hekkus.\u00ab<br>Patch betrachtete dies offensichtlich als seltsame oder gar perverse Neigung. \u00bbZu welchem Zweck?\u00ab<br>\u00bbIch will ihn t\u00f6ten\u00ab, entgegnete Gersen.<\/p>","protected":false},"excerpt":{"rendered":"<p>The Killing Machine USA, 1964\u00dcbersetzt von Andreas Irle211 Seiten Spatterlight, 2021ISBN&nbsp; 978-1-61947-421-5Preis: \u20ac 4,99 amazonSpatterlight-Shop \u00bbMeine Vorstellung ist folgende\u00ab, sagte Gersen. \u00bbKokor Hekkus hat nahezu eine halbe Million SVE aus uns herausgelockt. Ich m\u00f6chte das Geld zur\u00fcckhaben. Wir m\u00fcssen das Fort so ver\u00e4ndern, dass es funktioniert, wie es Kokor Hekkus gef\u00e4llt. Dann verkaufen wir es ihm f\u00fcr den vollen urspr\u00fcnglichen&nbsp;<a href=\"http:\/\/spatterlight.de\/?page_id=146\" class=\"read-more\">Weiter lesen<\/a><\/p>\n","protected":false},"author":2,"featured_media":0,"parent":73,"menu_order":0,"comment_status":"closed","ping_status":"closed","template":"","meta":{"footnotes":""},"_links":{"self":[{"href":"http:\/\/spatterlight.de\/index.php?rest_route=\/wp\/v2\/pages\/146"}],"collection":[{"href":"http:\/\/spatterlight.de\/index.php?rest_route=\/wp\/v2\/pages"}],"about":[{"href":"http:\/\/spatterlight.de\/index.php?rest_route=\/wp\/v2\/types\/page"}],"author":[{"embeddable":true,"href":"http:\/\/spatterlight.de\/index.php?rest_route=\/wp\/v2\/users\/2"}],"replies":[{"embeddable":true,"href":"http:\/\/spatterlight.de\/index.php?rest_route=%2Fwp%2Fv2%2Fcomments&post=146"}],"version-history":[{"count":13,"href":"http:\/\/spatterlight.de\/index.php?rest_route=\/wp\/v2\/pages\/146\/revisions"}],"predecessor-version":[{"id":1178,"href":"http:\/\/spatterlight.de\/index.php?rest_route=\/wp\/v2\/pages\/146\/revisions\/1178"}],"up":[{"embeddable":true,"href":"http:\/\/spatterlight.de\/index.php?rest_route=\/wp\/v2\/pages\/73"}],"wp:attachment":[{"href":"http:\/\/spatterlight.de\/index.php?rest_route=%2Fwp%2Fv2%2Fmedia&parent=146"}],"curies":[{"name":"wp","href":"https:\/\/api.w.org\/{rel}","templated":true}]}}