{"id":148,"date":"2017-07-08T12:34:18","date_gmt":"2017-07-08T10:34:18","guid":{"rendered":"http:\/\/editionandreasirle.com\/?page_id=148"},"modified":"2024-02-26T20:26:22","modified_gmt":"2024-02-26T19:26:22","slug":"t-palast-der-liebe-der","status":"publish","type":"page","link":"http:\/\/spatterlight.de\/?page_id=148","title":{"rendered":"Die D\u00e4mondenf\u00fcrsten III: Der Palast der Liebe"},"content":{"rendered":"<p style=\"text-align: center;\"><img loading=\"lazy\" decoding=\"async\" class=\"aligncenter size-medium wp-image-1129\" src=\"http:\/\/spatterlight.de\/wp-content\/uploads\/2022\/01\/Der-Palast-der-Liebe-DE-226x300.jpg\" alt=\"\" width=\"226\" height=\"300\" srcset=\"http:\/\/spatterlight.de\/wp-content\/uploads\/2022\/01\/Der-Palast-der-Liebe-DE-226x300.jpg 226w, http:\/\/spatterlight.de\/wp-content\/uploads\/2022\/01\/Der-Palast-der-Liebe-DE-772x1024.jpg 772w, http:\/\/spatterlight.de\/wp-content\/uploads\/2022\/01\/Der-Palast-der-Liebe-DE-768x1019.jpg 768w, http:\/\/spatterlight.de\/wp-content\/uploads\/2022\/01\/Der-Palast-der-Liebe-DE-1158x1536.jpg 1158w, http:\/\/spatterlight.de\/wp-content\/uploads\/2022\/01\/Der-Palast-der-Liebe-DE.jpg 1500w\" sizes=\"(max-width: 226px) 100vw, 226px\" \/>The Palace of Love<\/p>\n<p style=\"text-align: center;\">USA, 1967<br \/>\n\u00dcbersetzt von Andreas Irle<br \/>\n231 Seiten<\/p>\n<p style=\"text-align: center;\">Spatterlight, 2022<br \/>\nISBN&nbsp; 978-1-61947-422-2<br \/>\nPreis: \u20ac 4,99<\/p>\n<p style=\"text-align: center;\"><a href=\"https:\/\/www.amazon.de\/Die-D%C3%A4monenf%C3%BCrsten-III-Palast-Liebe-ebook\/dp\/B09NP5L5VN\/ref=sr_1_1?__mk_de_DE=%C3%85M%C3%85%C5%BD%C3%95%C3%91&amp;crid=3PZ3VN32SLYLW&amp;keywords=vance+d%C3%A4monenf%C3%BCrsten&amp;qid=1642350570&amp;s=digital-text&amp;sprefix=vance+d%C3%A4monenf%C3%BCrsten%2Cdigital-text%2C102&amp;sr=1-1\" target=\"_blank\" rel=\"noopener\">amazon<\/a><br \/>\n<a href=\"https:\/\/www.xinxii.com\/belletristik-1\/science-fiction-12\/die-d%C3%A4monenf%C3%BCrsten-iii-510676\" target=\"_blank\" rel=\"noopener\">Spatterlight-Shop<\/a><\/p>\n<p>\u00bbEs gibt viele Arten von Liebe\u00ab, sagte Viole Falushe. \u00bbDie Palette ist gro\u00df, und sie alle haben zur Erschaffung des Palastes beigetragen. Nicht alle meiner G\u00e4ste werden dies herausfinden und nicht jedem wird jedes Stadium gew\u00e4hrt werden. F\u00fcr einige wird der Palast nach nicht mehr als einer Ferienzuflucht aussehen. Andere wird verfolgen, was als unnat\u00fcrliche Sch\u00f6nheit beschrieben worden ist. Sie ist allgegenw\u00e4rtig: in jedem Detail, jeder Aussicht. Sie werden mich nicht sehen, obwohl ich im Geiste immer in Ihrer Mitte sein werde. Es gibt keine Spionvorrichtungen, keine Ger\u00e4usch\u00fcbertragungen, keine Sichtzellen. R\u00fcgen Sie mich, wenn Sie es wollen, schm\u00e4hen Sie mich, loben Sie mich \u2013 ich kann es nicht h\u00f6ren. Mein einziges Entgelt ist der Akt der Sch\u00f6pfung und die Wirkung, welche er ausl\u00f6st. M\u00f6chten Sie einen Blick auf den Palast der Liebe erhaschen? Dann drehen Sie sich auf Ihren Pl\u00e4tzen um!\u00ab<\/p>\n","protected":false},"excerpt":{"rendered":"<p>The Palace of Love USA, 1967 \u00dcbersetzt von Andreas Irle 231 Seiten Spatterlight, 2022 ISBN&nbsp; 978-1-61947-422-2 Preis: \u20ac 4,99 amazon Spatterlight-Shop \u00bbEs gibt viele Arten von Liebe\u00ab, sagte Viole Falushe. \u00bbDie Palette ist gro\u00df, und sie alle haben zur Erschaffung des Palastes beigetragen. Nicht alle meiner G\u00e4ste werden dies herausfinden und nicht jedem wird jedes Stadium gew\u00e4hrt werden. F\u00fcr einige&nbsp;<a href=\"http:\/\/spatterlight.de\/?page_id=148\" class=\"read-more\">Weiter lesen<\/a><\/p>\n","protected":false},"author":2,"featured_media":0,"parent":73,"menu_order":0,"comment_status":"closed","ping_status":"closed","template":"","meta":{"footnotes":""},"_links":{"self":[{"href":"http:\/\/spatterlight.de\/index.php?rest_route=\/wp\/v2\/pages\/148"}],"collection":[{"href":"http:\/\/spatterlight.de\/index.php?rest_route=\/wp\/v2\/pages"}],"about":[{"href":"http:\/\/spatterlight.de\/index.php?rest_route=\/wp\/v2\/types\/page"}],"author":[{"embeddable":true,"href":"http:\/\/spatterlight.de\/index.php?rest_route=\/wp\/v2\/users\/2"}],"replies":[{"embeddable":true,"href":"http:\/\/spatterlight.de\/index.php?rest_route=%2Fwp%2Fv2%2Fcomments&post=148"}],"version-history":[{"count":9,"href":"http:\/\/spatterlight.de\/index.php?rest_route=\/wp\/v2\/pages\/148\/revisions"}],"predecessor-version":[{"id":1179,"href":"http:\/\/spatterlight.de\/index.php?rest_route=\/wp\/v2\/pages\/148\/revisions\/1179"}],"up":[{"embeddable":true,"href":"http:\/\/spatterlight.de\/index.php?rest_route=\/wp\/v2\/pages\/73"}],"wp:attachment":[{"href":"http:\/\/spatterlight.de\/index.php?rest_route=%2Fwp%2Fv2%2Fmedia&parent=148"}],"curies":[{"name":"wp","href":"https:\/\/api.w.org\/{rel}","templated":true}]}}