{"id":150,"date":"2017-07-08T12:32:18","date_gmt":"2017-07-08T10:32:18","guid":{"rendered":"http:\/\/editionandreasirle.com\/?page_id=150"},"modified":"2024-02-26T20:26:02","modified_gmt":"2024-02-26T19:26:02","slug":"t-gesicht-das","status":"publish","type":"page","link":"http:\/\/spatterlight.de\/?page_id=150","title":{"rendered":"Das Gesicht"},"content":{"rendered":"<p><img loading=\"lazy\" decoding=\"async\" class=\"aligncenter size-medium wp-image-1146\" src=\"http:\/\/spatterlight.de\/wp-content\/uploads\/2022\/02\/Das-Gesicht-DE-233x300.jpg\" alt=\"\" width=\"233\" height=\"300\" srcset=\"http:\/\/spatterlight.de\/wp-content\/uploads\/2022\/02\/Das-Gesicht-DE-233x300.jpg 233w, http:\/\/spatterlight.de\/wp-content\/uploads\/2022\/02\/Das-Gesicht-DE-794x1024.jpg 794w, http:\/\/spatterlight.de\/wp-content\/uploads\/2022\/02\/Das-Gesicht-DE-768x991.jpg 768w, http:\/\/spatterlight.de\/wp-content\/uploads\/2022\/02\/Das-Gesicht-DE-1191x1536.jpg 1191w, http:\/\/spatterlight.de\/wp-content\/uploads\/2022\/02\/Das-Gesicht-DE.jpg 1500w\" sizes=\"(max-width: 233px) 100vw, 233px\" \/><\/p>\n<p style=\"text-align: center;\">The Face<br \/>\nUSA, 1979<br \/>\n\u00dcbersetzt von Andreas Irle<br \/>\n276 Seiten<br \/>\nSpatterlight, 2022<br \/>\nISBN&nbsp; 978-1-61947-423-9<br \/>\nPreis: \u20ac 4,99<\/p>\n<p style=\"text-align: center;\"><a href=\"https:\/\/www.amazon.de\/Die-D%C3%A4monenf%C3%BCrsten-IV-Das-Gesicht-ebook\/dp\/B09RJ9BWS2\/ref=sr_1_1?__mk_de_DE=%C3%85M%C3%85%C5%BD%C3%95%C3%91&amp;crid=1N794HWKKJSTK&amp;keywords=vance+gesicht&amp;qid=1645375449&amp;s=digital-text&amp;sprefix=vance+gesicht%2Cdigital-text%2C84&amp;sr=1-1\" target=\"_blank\" rel=\"noopener\">amazon<\/a><br \/>\n<a href=\"https:\/\/www.xinxii.com\/belletristik-1\/science-fiction-12\/die-d%C3%A4monenf%C3%BCrsten-iv-511200\" target=\"_blank\" rel=\"noopener\">Spatterlight-Shop<\/a><\/p>\n<p>Lens Larque wird nachgesagt, er sei verliebt in die Peitsche; er betrachtet sie als vertrauensvollen Freund und als geeignetes Instrument f\u00fcr die Bestrafung seiner Feinde. Er verwendet sie h\u00e4ufig zu diesem Zweck, bevorzugt sie gegen\u00fcber anderen Methoden. In Sadabra besitzt er ein gro\u00dfes Haus mit einem halbkreisf\u00f6rmigen Raum, in dem er sein Essen zu sich nimmt. F\u00fcr den guten Geschmack hat er eine feine Peitsche mit kurzem Griff an seiner Seite, mit einem drei Meter achtzig langen Strang. Der Strang endet in einem zehn Zentimeter langen, gegabelten Lederteil: dem \u00bbSkorpion\u00ab. An der Wand stehen Lens Larques Feinde, an Ringe gekettet und nackt wie gepellte Eier. Am Hintern eines jeden ist eine herzf\u00f6rmige Zielscheibe angeklebt, siebeneinhalb Zentimeter im Durchmesser. Um seine Mahlzeit zu beleben, versucht Lens Larque, die Zielscheiben mit einem Schwung der Peitsche abzuschlagen: sein Geschick darin soll sehr gro\u00df sein.<\/p>\n","protected":false},"excerpt":{"rendered":"<p>The Face USA, 1979 \u00dcbersetzt von Andreas Irle 276 Seiten Spatterlight, 2022 ISBN&nbsp; 978-1-61947-423-9 Preis: \u20ac 4,99 amazon Spatterlight-Shop Lens Larque wird nachgesagt, er sei verliebt in die Peitsche; er betrachtet sie als vertrauensvollen Freund und als geeignetes Instrument f\u00fcr die Bestrafung seiner Feinde. Er verwendet sie h\u00e4ufig zu diesem Zweck, bevorzugt sie gegen\u00fcber anderen Methoden. In Sadabra besitzt er&nbsp;<a href=\"http:\/\/spatterlight.de\/?page_id=150\" class=\"read-more\">Weiter lesen<\/a><\/p>\n","protected":false},"author":2,"featured_media":0,"parent":369,"menu_order":0,"comment_status":"closed","ping_status":"closed","template":"","meta":{"footnotes":""},"_links":{"self":[{"href":"http:\/\/spatterlight.de\/index.php?rest_route=\/wp\/v2\/pages\/150"}],"collection":[{"href":"http:\/\/spatterlight.de\/index.php?rest_route=\/wp\/v2\/pages"}],"about":[{"href":"http:\/\/spatterlight.de\/index.php?rest_route=\/wp\/v2\/types\/page"}],"author":[{"embeddable":true,"href":"http:\/\/spatterlight.de\/index.php?rest_route=\/wp\/v2\/users\/2"}],"replies":[{"embeddable":true,"href":"http:\/\/spatterlight.de\/index.php?rest_route=%2Fwp%2Fv2%2Fcomments&post=150"}],"version-history":[{"count":6,"href":"http:\/\/spatterlight.de\/index.php?rest_route=\/wp\/v2\/pages\/150\/revisions"}],"predecessor-version":[{"id":1180,"href":"http:\/\/spatterlight.de\/index.php?rest_route=\/wp\/v2\/pages\/150\/revisions\/1180"}],"up":[{"embeddable":true,"href":"http:\/\/spatterlight.de\/index.php?rest_route=\/wp\/v2\/pages\/369"}],"wp:attachment":[{"href":"http:\/\/spatterlight.de\/index.php?rest_route=%2Fwp%2Fv2%2Fmedia&parent=150"}],"curies":[{"name":"wp","href":"https:\/\/api.w.org\/{rel}","templated":true}]}}