{"id":152,"date":"2017-07-08T12:31:36","date_gmt":"2017-07-08T10:31:36","guid":{"rendered":"http:\/\/editionandreasirle.com\/?page_id=152"},"modified":"2024-02-26T20:25:36","modified_gmt":"2024-02-26T19:25:36","slug":"t-buch-der-traeume-das","status":"publish","type":"page","link":"http:\/\/spatterlight.de\/?page_id=152","title":{"rendered":"Die D\u00e4monenf\u00fcrsten V: Das Buch der Tr\u00e4ume"},"content":{"rendered":"<p><img loading=\"lazy\" decoding=\"async\" class=\"aligncenter size-medium wp-image-1155\" src=\"http:\/\/spatterlight.de\/wp-content\/uploads\/2022\/03\/Das-Buch-der-Traeume-DE-226x300.jpg\" alt=\"\" width=\"226\" height=\"300\" srcset=\"http:\/\/spatterlight.de\/wp-content\/uploads\/2022\/03\/Das-Buch-der-Traeume-DE-226x300.jpg 226w, http:\/\/spatterlight.de\/wp-content\/uploads\/2022\/03\/Das-Buch-der-Traeume-DE-772x1024.jpg 772w, http:\/\/spatterlight.de\/wp-content\/uploads\/2022\/03\/Das-Buch-der-Traeume-DE-768x1019.jpg 768w, http:\/\/spatterlight.de\/wp-content\/uploads\/2022\/03\/Das-Buch-der-Traeume-DE-1157x1536.jpg 1157w, http:\/\/spatterlight.de\/wp-content\/uploads\/2022\/03\/Das-Buch-der-Traeume-DE.jpg 1507w\" sizes=\"(max-width: 226px) 100vw, 226px\" \/><\/p>\n<p style=\"text-align: center;\">The Book of Dreams<br>USA, 1981<br>\u00dcbersetzt von Andreas Irle<br>279 Seiten<br>Spatterlight, 2022<br>ISBN&nbsp; 978-1-61947-424-6<br>Preis: \u20ac 4,99<\/p>\n\n\n<p class=\"has-text-align-center\"><a rel=\"noreferrer noopener\" href=\"https:\/\/www.amazon.de\/Die-D%C3%A4monenf%C3%BCrsten-Das-Buch-Tr%C3%A4ume-ebook\/dp\/B09VG1Y32L\/ref=sr_1_3?__mk_de_DE=%C3%85M%C3%85%C5%BD%C3%95%C3%91&amp;crid=10VEFKCHDHKNF&amp;keywords=jack+vance+buch+der+tr%C3%A4ume&amp;qid=1647792625&amp;s=digital-text&amp;sprefix=jack+vance+buch+der+tr%C3%A4ume%2Cdigital-text%2C127&amp;sr=1-3\" target=\"_blank\">amazon<\/a><br><a rel=\"noreferrer noopener\" href=\"https:\/\/www.xinxii.com\/belletristik-1\/science-fiction-12\/die-d%C3%A4monenf%C3%BCrsten-v-511658\" target=\"_blank\">Spatterlight-Shop<\/a><\/p>\n\n\n\n<p>Howard Alan Treesong! Ein Name mit Magie, Furcht und Verwunderung einfl\u00f6\u00dfend! Was genau ist \u00fcber ihn bekannt? Die wenigen ineinander verschachtelten Fakten erscheinen durch den leuchtenden Staub von Ger\u00fcchten vieldeutig. Er ist zur einsamsten lebenden Person erkl\u00e4rt worden; anderen Berichten zufolge ist er der oberste Herrscher aller Kriminellen.<br>Er ist m\u00f6glicherweise der gr\u00f6\u00dfte Schurke von allen (sofern solche Feinheiten der Vergleiche in diesem inbr\u00fcnstigen Ambiente, das die D\u00e4monenf\u00fcrsten umgibt, \u00fcberhaupt eine Spur der \u00dcberzeugung haben). Gewiss birgt er die au\u00dfergew\u00f6hnlichsten Gegens\u00e4tze in sich. Seine Grausamkeiten sind mutwillig und schrecklich, sodass seine gelegentliche Gro\u00dfz\u00fcgigkeit in ein krasses Gegenlicht gestellt wird.<\/p>\n\n\n\n<p><\/p>\n","protected":false},"excerpt":{"rendered":"<p>The Book of DreamsUSA, 1981\u00dcbersetzt von Andreas Irle279 SeitenSpatterlight, 2022ISBN&nbsp; 978-1-61947-424-6Preis: \u20ac 4,99 amazonSpatterlight-Shop Howard Alan Treesong! Ein Name mit Magie, Furcht und Verwunderung einfl\u00f6\u00dfend! Was genau ist \u00fcber ihn bekannt? Die wenigen ineinander verschachtelten Fakten erscheinen durch den leuchtenden Staub von Ger\u00fcchten vieldeutig. Er ist zur einsamsten lebenden Person erkl\u00e4rt worden; anderen Berichten zufolge ist er der oberste Herrscher&nbsp;<a href=\"http:\/\/spatterlight.de\/?page_id=152\" class=\"read-more\">Weiter lesen<\/a><\/p>\n","protected":false},"author":2,"featured_media":0,"parent":369,"menu_order":0,"comment_status":"closed","ping_status":"closed","template":"","meta":{"footnotes":""},"_links":{"self":[{"href":"http:\/\/spatterlight.de\/index.php?rest_route=\/wp\/v2\/pages\/152"}],"collection":[{"href":"http:\/\/spatterlight.de\/index.php?rest_route=\/wp\/v2\/pages"}],"about":[{"href":"http:\/\/spatterlight.de\/index.php?rest_route=\/wp\/v2\/types\/page"}],"author":[{"embeddable":true,"href":"http:\/\/spatterlight.de\/index.php?rest_route=\/wp\/v2\/users\/2"}],"replies":[{"embeddable":true,"href":"http:\/\/spatterlight.de\/index.php?rest_route=%2Fwp%2Fv2%2Fcomments&post=152"}],"version-history":[{"count":6,"href":"http:\/\/spatterlight.de\/index.php?rest_route=\/wp\/v2\/pages\/152\/revisions"}],"predecessor-version":[{"id":1181,"href":"http:\/\/spatterlight.de\/index.php?rest_route=\/wp\/v2\/pages\/152\/revisions\/1181"}],"up":[{"embeddable":true,"href":"http:\/\/spatterlight.de\/index.php?rest_route=\/wp\/v2\/pages\/369"}],"wp:attachment":[{"href":"http:\/\/spatterlight.de\/index.php?rest_route=%2Fwp%2Fv2%2Fmedia&parent=152"}],"curies":[{"name":"wp","href":"https:\/\/api.w.org\/{rel}","templated":true}]}}