{"id":156,"date":"2017-07-08T12:33:19","date_gmt":"2017-07-08T10:33:19","guid":{"rendered":"http:\/\/editionandreasirle.com\/?page_id=156"},"modified":"2020-04-15T18:28:12","modified_gmt":"2020-04-15T16:28:12","slug":"t-lurulu","status":"publish","type":"page","link":"http:\/\/spatterlight.de\/?page_id=156","title":{"rendered":"Lurulu"},"content":{"rendered":"<p style=\"text-align: center;\"><img loading=\"lazy\" decoding=\"async\" class=\"aligncenter size-medium wp-image-943\" src=\"http:\/\/spatterlight.de\/wp-content\/uploads\/2019\/11\/Lurulu-225x300.jpg\" alt=\"\" width=\"225\" height=\"300\" srcset=\"http:\/\/spatterlight.de\/wp-content\/uploads\/2019\/11\/Lurulu-225x300.jpg 225w, http:\/\/spatterlight.de\/wp-content\/uploads\/2019\/11\/Lurulu-768x1024.jpg 768w, http:\/\/spatterlight.de\/wp-content\/uploads\/2019\/11\/Lurulu.jpg 1500w\" sizes=\"(max-width: 225px) 100vw, 225px\" \/><\/p>\n<p style=\"text-align: center;\">Lurulu<\/p>\n<p style=\"text-align: center;\">Jack Vance, 2004<br \/>\n\u00dcbersetzt von Andreas Irle<br \/>\n235 Seiten<\/p>\n<p style=\"text-align: center;\">Spatterlight, 2020<br \/>\nISBN\u00a0 978-1-61947-390-4<br \/>\nPreis: \u20ac 4,99<\/p>\n<p style=\"text-align: center;\"><a href=\"https:\/\/www.amazon.de\/Lurulu-Jack-Vance-ebook\/dp\/B081VSQ7N9\/ref=sr_1_4?__mk_de_DE=%C3%85M%C3%85%C5%BD%C3%95%C3%91&amp;dchild=1&amp;keywords=jack+vance&amp;qid=1586963782&amp;s=digital-text&amp;sr=1-4\" target=\"_blank\" rel=\"noopener noreferrer\">amazon<\/a><\/p>\n<p style=\"text-align: center;\"><a href=\"https:\/\/www.xinxii.com\/lurulu-501565\" target=\"_blank\" rel=\"noopener noreferrer\">Spatterlight-Shop<\/a><\/p>\n<p><em>Lurulu<\/em> ist die unmittelbare Fortsetzung zu <em>Kaleidoskop der Welten<\/em> und Jack Vances Schwanengesang, wie er selbst gesagt hat.<\/p>\n<p>Myron Tany ist weiterhin mit dem Trampfrachter <em>Glicca <\/em>unterwegs von einem Hafen zum anderen, auf der Suche nach Abenteuern und seiner Tante Hester, die urspr\u00fcnglich mit ihm zusammen ausgezogen war, um den ber\u00fchmten Jungbrunnen zu finden. Mit an Bord sind solche illustren Zeitgenossen wie eine Gruppe Priester, die auf dem Weg ist, eine Weltbegehung zu unternehmen, und die Schaustellertruppe um Moncrief dem Mausreiter, die auf ein besonders spektakul\u00e4res Engagement am Trevanian-Theater hofft.<\/p>\n<p>Doch bevor er sich um seine eigenen Angelegenheiten k\u00fcmmern kann, hilft Myron Tany Kapit\u00e4n Maloof bei dessen privaten Schwierigkeiten mit seiner Mutter \u2013 wie sich herausstellt ein hochgradig gef\u00e4hrliches Unterfangen.<\/p>\n<p>Textauszug:<\/p>\n<p>Er legte die H\u00e4nde auf den Schanktisch, beugte sich vor und suchte den Saal ab. Unzufrieden warf er den Kopf zur\u00fcck und rief: \u00bbBuntje! Buntje! Komm geschwind! Wo bist du Buntje?\u00ab Er lauschte, dann rief er noch einmal, mit lauterer Stimme: \u00bbBuntje! H\u00f6rst du mich? Komm sofort! Buntje! Ich rufe dich!\u00ab<\/p>\n<p>In den Raum st\u00fcrzte ein M\u00e4dchen von etwa vierzehn Jahren, schnell rennend, mit rudernden Armen und flatterndem Rock, sodass ein l\u00fcsternes Auge zumindest zweieinhalb Zentimeter eines Kn\u00f6chels h\u00e4tte erhaschen k\u00f6nnen. Maloof und Myron wandten ziemlich die Augen ab.<\/p>\n<p>Buntje trug eine enge pinkfarbene Bluse \u00fcber einer nahezu flachen Brust und einen wallenden schwarzen Rock, der bis zum Boden reichte. Wie Dinka hatte auch sie ihr Haar zu einer Pyramide hochgesteckt, in deren Spitze unsicher eine Blume prangte. Sie blieb vor Jodel stehen und keuchte: \u00bbBr\u00fcll nicht weiter, hier bin ich!\u00ab<\/p>\n<p>\u00bbDas war langsam! Kannst du dich nicht schneller bewegen? Was hat dich so lange aufgehalten?\u00ab<\/p>\n<p>Das M\u00e4dchen rief in einem Gef\u00fchlsausbruch: \u00bbMuss ich jede Einzelheit meines pers\u00f6nlichen Verhaltens erkl\u00e4ren? Wenn ich gezwungen bin, ausf\u00fchrlich zu sein, werde ich darlegen, dass ich an einem bestimmten Ort besch\u00e4ftigt war! Als du gerufen hast, konnte ich nicht einfach aufspringen und durch den Saal laufen, ohne einen Skandal auszul\u00f6sen; ist es das, was du h\u00f6ren wolltest?\u00ab<\/p>\n","protected":false},"excerpt":{"rendered":"<p>Lurulu Jack Vance, 2004 \u00dcbersetzt von Andreas Irle 235 Seiten Spatterlight, 2020 ISBN\u00a0 978-1-61947-390-4 Preis: \u20ac 4,99 amazon Spatterlight-Shop Lurulu ist die unmittelbare Fortsetzung zu Kaleidoskop der Welten und Jack Vances Schwanengesang, wie er selbst gesagt hat. Myron Tany ist weiterhin mit dem Trampfrachter Glicca unterwegs von einem Hafen zum anderen, auf der Suche nach Abenteuern und seiner Tante Hester,&nbsp;<a href=\"http:\/\/spatterlight.de\/?page_id=156\" class=\"read-more\">Weiter lesen<\/a><\/p>\n","protected":false},"author":2,"featured_media":0,"parent":369,"menu_order":0,"comment_status":"closed","ping_status":"closed","template":"","meta":{"footnotes":""},"_links":{"self":[{"href":"http:\/\/spatterlight.de\/index.php?rest_route=\/wp\/v2\/pages\/156"}],"collection":[{"href":"http:\/\/spatterlight.de\/index.php?rest_route=\/wp\/v2\/pages"}],"about":[{"href":"http:\/\/spatterlight.de\/index.php?rest_route=\/wp\/v2\/types\/page"}],"author":[{"embeddable":true,"href":"http:\/\/spatterlight.de\/index.php?rest_route=\/wp\/v2\/users\/2"}],"replies":[{"embeddable":true,"href":"http:\/\/spatterlight.de\/index.php?rest_route=%2Fwp%2Fv2%2Fcomments&post=156"}],"version-history":[{"count":4,"href":"http:\/\/spatterlight.de\/index.php?rest_route=\/wp\/v2\/pages\/156\/revisions"}],"predecessor-version":[{"id":988,"href":"http:\/\/spatterlight.de\/index.php?rest_route=\/wp\/v2\/pages\/156\/revisions\/988"}],"up":[{"embeddable":true,"href":"http:\/\/spatterlight.de\/index.php?rest_route=\/wp\/v2\/pages\/369"}],"wp:attachment":[{"href":"http:\/\/spatterlight.de\/index.php?rest_route=%2Fwp%2Fv2%2Fmedia&parent=156"}],"curies":[{"name":"wp","href":"https:\/\/api.w.org\/{rel}","templated":true}]}}