{"id":170,"date":"2017-07-08T12:33:40","date_gmt":"2017-07-08T10:33:40","guid":{"rendered":"http:\/\/editionandreasirle.com\/?page_id=170"},"modified":"2018-09-08T17:57:51","modified_gmt":"2018-09-08T15:57:51","slug":"t-magnus-ridolph","status":"publish","type":"page","link":"http:\/\/spatterlight.de\/?page_id=170","title":{"rendered":"Magnus Ridolph"},"content":{"rendered":"<p><img loading=\"lazy\" decoding=\"async\" class=\"aligncenter size-medium wp-image-681\" src=\"http:\/\/editionandreasirle.com\/wp-content\/uploads\/2017\/11\/MagnusRidolph-DE-225x300.jpg\" alt=\"\" width=\"225\" height=\"300\" srcset=\"http:\/\/spatterlight.de\/wp-content\/uploads\/2017\/11\/MagnusRidolph-DE-225x300.jpg 225w, http:\/\/spatterlight.de\/wp-content\/uploads\/2017\/11\/MagnusRidolph-DE-768x1024.jpg 768w, http:\/\/spatterlight.de\/wp-content\/uploads\/2017\/11\/MagnusRidolph-DE.jpg 1500w\" sizes=\"(max-width: 225px) 100vw, 225px\" \/><\/p>\n<p><center>The Complete Magnus Ridolph<br \/>\nJack Vance, 1985<br \/>\n\u00dcbersetzt von Andreas Irle<br \/>\n269 Seiten<br \/>\nSpatterlight, 2016<\/center><\/p>\n<div style=\"text-align: center;\" align=\"center\">ISBN-13 978-3-936922-09-7<\/div>\n<p><center>\u00a0Preis: \u20ac 4,99<\/center><\/p>\n<p style=\"text-align: center;\">\u00a0Zu beziehen \u00fcber:<\/p>\n<p style=\"text-align: center;\"><a href=\"https:\/\/www.amazon.de\/Magnus-Ridolph-Jack-Vance-ebook\/dp\/B01N7JDS6D\/ref=sr_1_34?s=digital-text&amp;ie=UTF8&amp;qid=1510325813&amp;sr=1-34&amp;keywords=jack+vance\" target=\"_blank\" rel=\"noopener noreferrer\">amazon.de<\/a><\/p>\n<p style=\"text-align: center;\"><a href=\"http:\/\/www.xinxii.com\/magnus-ridolph-p-383057.html\" target=\"_blank\" rel=\"noopener noreferrer\">XinXii<\/a><\/p>\n<p style=\"margin: 0cm; margin-bottom: .0001pt; text-align: justify;\">Magnus Ridolph, ist ein Detektiv, der seine F\u00e4lle durch \u00dcberlegung l\u00f6st, nicht durch k\u00f6rperliche Anstrengungen. Er ist kein muskelbepackter Adonis, sondern ein gesetzter \u00e4lterer Herr, der das durch das L\u00f6sen der F\u00e4lle verdiente Geld gern genie\u00dferisch anlegt.<\/p>\n<p style=\"margin: 0cm; margin-bottom: .0001pt; text-align: justify;\">Neben den bereits in Deutsch erschienenen Geschichten<\/p>\n<p style=\"margin: 0cm; margin-bottom: .0001pt; text-align: justify;\">Die Kokod-Krieger<\/p>\n<p style=\"margin: 0cm; margin-bottom: .0001pt; text-align: justify;\">Ser uns\u00e4gliche McInch<\/p>\n<p style=\"margin: 0cm; margin-bottom: .0001pt; text-align: justify;\">Die heulenden Schlinger<\/p>\n<p style=\"margin: 0cm; margin-bottom: .0001pt; text-align: justify;\">Der K\u00f6nig der Diebe<\/p>\n<p style=\"margin: 0cm; margin-bottom: .0001pt; text-align: justify;\">Der Kurort zwischen den Sternen<\/p>\n<p style=\"margin: 0cm; margin-bottom: .0001pt; text-align: justify;\">Der Gnadensto\u00df<\/p>\n<p style=\"margin: 0cm; margin-bottom: .0001pt; text-align: justify;\">Die manipulierten Sardinen<\/p>\n<p style=\"margin: 0cm; margin-bottom: .0001pt; text-align: justify;\">Das mysteri\u00f6se Verschwinden<\/p>\n<p style=\"margin: 0cm; margin-bottom: .0001pt; text-align: justify;\">finden sich die die beiden erstmals auf Deutsch ver\u00f6ffentlichten Geschichten:<\/p>\n<p style=\"margin: 0cm; margin-bottom: .0001pt; text-align: justify;\">Die Ungl\u00fccks-Bergwerke<\/p>\n<p style=\"margin: 0cm; margin-bottom: .0001pt; text-align: justify;\">Die Sanatoris-Abk\u00fcrzung<\/p>\n<p>&nbsp;<\/p>\n","protected":false},"excerpt":{"rendered":"<p>The Complete Magnus Ridolph Jack Vance, 1985 \u00dcbersetzt von Andreas Irle 269 Seiten Spatterlight, 2016 ISBN-13 978-3-936922-09-7 \u00a0Preis: \u20ac 4,99 \u00a0Zu beziehen \u00fcber: amazon.de XinXii Magnus Ridolph, ist ein Detektiv, der seine F\u00e4lle durch \u00dcberlegung l\u00f6st, nicht durch k\u00f6rperliche Anstrengungen. Er ist kein muskelbepackter Adonis, sondern ein gesetzter \u00e4lterer Herr, der das durch das L\u00f6sen der F\u00e4lle verdiente Geld gern&nbsp;<a href=\"http:\/\/spatterlight.de\/?page_id=170\" class=\"read-more\">Weiter lesen<\/a><\/p>\n","protected":false},"author":2,"featured_media":0,"parent":369,"menu_order":0,"comment_status":"closed","ping_status":"closed","template":"","meta":{"footnotes":""},"_links":{"self":[{"href":"http:\/\/spatterlight.de\/index.php?rest_route=\/wp\/v2\/pages\/170"}],"collection":[{"href":"http:\/\/spatterlight.de\/index.php?rest_route=\/wp\/v2\/pages"}],"about":[{"href":"http:\/\/spatterlight.de\/index.php?rest_route=\/wp\/v2\/types\/page"}],"author":[{"embeddable":true,"href":"http:\/\/spatterlight.de\/index.php?rest_route=\/wp\/v2\/users\/2"}],"replies":[{"embeddable":true,"href":"http:\/\/spatterlight.de\/index.php?rest_route=%2Fwp%2Fv2%2Fcomments&post=170"}],"version-history":[{"count":10,"href":"http:\/\/spatterlight.de\/index.php?rest_route=\/wp\/v2\/pages\/170\/revisions"}],"predecessor-version":[{"id":798,"href":"http:\/\/spatterlight.de\/index.php?rest_route=\/wp\/v2\/pages\/170\/revisions\/798"}],"up":[{"embeddable":true,"href":"http:\/\/spatterlight.de\/index.php?rest_route=\/wp\/v2\/pages\/369"}],"wp:attachment":[{"href":"http:\/\/spatterlight.de\/index.php?rest_route=%2Fwp%2Fv2%2Fmedia&parent=170"}],"curies":[{"name":"wp","href":"https:\/\/api.w.org\/{rel}","templated":true}]}}