{"id":173,"date":"2017-07-08T12:33:47","date_gmt":"2017-07-08T10:33:47","guid":{"rendered":"http:\/\/editionandreasirle.com\/?page_id=173"},"modified":"2018-12-14T06:23:50","modified_gmt":"2018-12-14T05:23:50","slug":"t-maske-thaery","status":"publish","type":"page","link":"http:\/\/spatterlight.de\/?page_id=173","title":{"rendered":"Maske: Thaery"},"content":{"rendered":"<p style=\"text-align: center;\"><img loading=\"lazy\" decoding=\"async\" class=\"aligncenter size-medium wp-image-819\" src=\"http:\/\/spatterlight.de\/wp-content\/uploads\/2017\/07\/Maske-Thaery-DE-225x300.jpg\" alt=\"\" width=\"225\" height=\"300\" srcset=\"http:\/\/spatterlight.de\/wp-content\/uploads\/2017\/07\/Maske-Thaery-DE-225x300.jpg 225w, http:\/\/spatterlight.de\/wp-content\/uploads\/2017\/07\/Maske-Thaery-DE-768x1024.jpg 768w, http:\/\/spatterlight.de\/wp-content\/uploads\/2017\/07\/Maske-Thaery-DE.jpg 1500w\" sizes=\"(max-width: 225px) 100vw, 225px\" \/><\/p>\n<p><center>Maske: Thaery<br \/>\nUSA, 1976<br \/>\n\u00dcbersetzt von Andreas Irle<br \/>\n232 Seiten, zwei Karten<br \/>\nSpatterlight, 2018<\/center><\/p>\n<div align=\"center\">ISBN-13 978-1-61947-296-9<\/div>\n<p><center>\u00a0Preis: \u20ac 4,99<\/center><center><\/center><center>zu beziehen u. a. hier:<\/center><center><a href=\"http:\/\/www.xinxii.com\/maske-thaery-p-384427.html\" target=\"_blank\" rel=\"noopener noreferrer\">Xinxii<\/a><\/center><\/p>\n<p style=\"text-align: center;\"><a href=\"https:\/\/www.amazon.de\/dp\/B07LC2DD4S\/ref=sr_1_8?ie=UTF8&amp;qid=1544764857&amp;sr=8-8&amp;keywords=jack+vance+maske\" target=\"_blank\" rel=\"noopener noreferrer\">amazon<\/a><\/p>\n<p>Jubal Droad ist ein Glint und ein Zweitgeborener. Deshalb muss er sein Zuhause verlassen und ein Yallow absolvieren \u2013 eine Wanderung durch ganz Thaery, w\u00e4hrend der Wege ausgebessert oder andere Aufgaben erledigt werden. Ein Unbekannter verursacht einen Unfall, bei dem Jubal so sehr verletzt wird, dass er sich wochenlang davon erholen muss. Nach seiner Genesung nimmt er die Spur des \u00dcbelt\u00e4ters auf, um ihne zur Rechenschaft zu ziehen und ger\u00e4t in Machenschaften, die das Antlitz des Planeten Maske f\u00fcr immer ver\u00e4ndern k\u00f6nnten, aber auch Jubal ganz pers\u00f6nlich betreffen.<\/p>\n<p>Um eine Anstellung zu finden, begibt sich Jubal Droad nach Wysrod, der Metropole am Langen Ozean. Nai der Hever ist der Mann, an den er sich mit einem Empfehlungsschreiben seines Onkels wenden soll.<\/p>\n<p>Au\u00dferdem will er von dort aus seine private Rechnung begleichen. Bald zeigt sich, dass die Dinge nicht ganz so sind, wie er sie gern h\u00e4tte, und er wei\u00df nicht, wer welches Spiel mit ihm zu treiben versucht. Doch Glints sind f\u00fcr Ihre Dickk\u00f6pfigkeit bekannt und f\u00fcr ihre Veranlagung, die Initiative zu ergreifen \u2026<\/p>\n<p>&nbsp;<\/p>\n<p><em>Maske: Thaery<\/em> \u2013 mit 2 Karten, 37 Fu\u00dfnoten und einem Glossar: ein Roman f\u00fcr Kenner von Jack Vance!<\/p>\n<p>&nbsp;<\/p>\n<p>&nbsp;<\/p>\n","protected":false},"excerpt":{"rendered":"<p>Maske: Thaery USA, 1976 \u00dcbersetzt von Andreas Irle 232 Seiten, zwei Karten Spatterlight, 2018 ISBN-13 978-1-61947-296-9 \u00a0Preis: \u20ac 4,99zu beziehen u. a. hier:Xinxii amazon Jubal Droad ist ein Glint und ein Zweitgeborener. Deshalb muss er sein Zuhause verlassen und ein Yallow absolvieren \u2013 eine Wanderung durch ganz Thaery, w\u00e4hrend der Wege ausgebessert oder andere Aufgaben erledigt werden. Ein Unbekannter verursacht&nbsp;<a href=\"http:\/\/spatterlight.de\/?page_id=173\" class=\"read-more\">Weiter lesen<\/a><\/p>\n","protected":false},"author":2,"featured_media":0,"parent":369,"menu_order":0,"comment_status":"closed","ping_status":"closed","template":"","meta":{"footnotes":""},"_links":{"self":[{"href":"http:\/\/spatterlight.de\/index.php?rest_route=\/wp\/v2\/pages\/173"}],"collection":[{"href":"http:\/\/spatterlight.de\/index.php?rest_route=\/wp\/v2\/pages"}],"about":[{"href":"http:\/\/spatterlight.de\/index.php?rest_route=\/wp\/v2\/types\/page"}],"author":[{"embeddable":true,"href":"http:\/\/spatterlight.de\/index.php?rest_route=\/wp\/v2\/users\/2"}],"replies":[{"embeddable":true,"href":"http:\/\/spatterlight.de\/index.php?rest_route=%2Fwp%2Fv2%2Fcomments&post=173"}],"version-history":[{"count":8,"href":"http:\/\/spatterlight.de\/index.php?rest_route=\/wp\/v2\/pages\/173\/revisions"}],"predecessor-version":[{"id":828,"href":"http:\/\/spatterlight.de\/index.php?rest_route=\/wp\/v2\/pages\/173\/revisions\/828"}],"up":[{"embeddable":true,"href":"http:\/\/spatterlight.de\/index.php?rest_route=\/wp\/v2\/pages\/369"}],"wp:attachment":[{"href":"http:\/\/spatterlight.de\/index.php?rest_route=%2Fwp%2Fv2%2Fmedia&parent=173"}],"curies":[{"name":"wp","href":"https:\/\/api.w.org\/{rel}","templated":true}]}}