{"id":175,"date":"2017-07-08T12:32:14","date_gmt":"2017-07-08T10:32:14","guid":{"rendered":"http:\/\/editionandreasirle.com\/?page_id=175"},"modified":"2018-09-08T17:56:30","modified_gmt":"2018-09-08T15:56:30","slug":"t-emphyrio","status":"publish","type":"page","link":"http:\/\/spatterlight.de\/?page_id=175","title":{"rendered":"Emphyrio"},"content":{"rendered":"<p><img loading=\"lazy\" decoding=\"async\" class=\"aligncenter size-medium wp-image-680\" src=\"http:\/\/editionandreasirle.com\/wp-content\/uploads\/2017\/11\/Emphyrio-DE-225x300.jpg\" alt=\"\" width=\"225\" height=\"300\" srcset=\"http:\/\/spatterlight.de\/wp-content\/uploads\/2017\/11\/Emphyrio-DE-225x300.jpg 225w, http:\/\/spatterlight.de\/wp-content\/uploads\/2017\/11\/Emphyrio-DE-768x1024.jpg 768w, http:\/\/spatterlight.de\/wp-content\/uploads\/2017\/11\/Emphyrio-DE.jpg 1500w\" sizes=\"(max-width: 225px) 100vw, 225px\" \/><\/p>\n<p><center>Emphyrio<br \/>\nJack Vance, 1969<br \/>\n\u00dcbersetzt von Andreas Irle<br \/>\n258 Seiten, eine Karte<br \/>\nSpatterlight, 2016<\/center><\/p>\n<div align=\"center\">\n<p>\u00a0Preis: \u20ac 4,99<\/p>\n<\/div>\n<div align=\"center\">Zu beziehen \u00fcber:<\/div>\n<div align=\"center\"><\/div>\n<div align=\"center\"><a href=\"https:\/\/www.amazon.de\/Emphyrio-Jack-Vance-ebook\/dp\/B01N3ZBTQH\/ref=sr_1_39?s=digital-text&amp;ie=UTF8&amp;qid=1510325566&amp;sr=1-39&amp;keywords=jack+vance\" target=\"_blank\" rel=\"noopener noreferrer\">amazon.de<br \/>\n<\/a><a href=\"http:\/\/www.xinxii.com\/emphyrio-p-382589.html\" target=\"_blank\" rel=\"noopener noreferrer\">XinXii<\/a><\/div>\n<p style=\"text-align: left;\">Vor etwa 2000 Jahren lebte ein Mensch,<br \/>\nder die Welt befreite,<br \/>\nindem er die Wahrheit verk\u00fcndete.<\/p>\n<p>Heute lebt ein junger Mann, dem die Geschichte<br \/>\ndes Befreiers keine Ruhe l\u00e4sst. Um die heutige Welt zu befreien,<br \/>\nmuss er werden wie er und die Wahrheit sagen ...<\/p>\n<p style=\"text-align: left;\">Halma \u2013 eine Welt hinter dem Mirabilis-Sternhaufen. Die Stadt Ambroy liegt nach Zeitaltern der Kriege halb in Ruinen. Die Lords oder auch \u203aHeiler\u2039, wie sie mitunter genannt werden, haben die grundlegende Infrastruktur wiederhergestellt. Die Kosten, die sie daf\u00fcr aufgebracht haben, werden ihnen von den Empf\u00e4ngern zur\u00fcckbezahlt.<br \/>\nDie Empf\u00e4nger sind Handwerker, die Kunstwerke schaffen, ohne Vervielf\u00e4ltigungen verwenden zu d\u00fcrfen \u2013 wie beispielsweise der Holzschnitzer Amiante Tarvoke. Sein Sohn Ghyl w\u00e4chst in dieser Situation heran und lernt die Verh\u00e4ltnisse kennen.<br \/>\nWohlfahrtsmittler achten darauf, dass die Vorschriften eingehalten werden und die Empf\u00e4nger den Tempel Finukas besuchen, um ihre Spr\u00fcnge zu absolvieren.<br \/>\nDie Legende von Emphyrio fasziniert Ghyl von klein auf. Sein Vater kennt allerdings nur die H\u00e4lfte der Geschichte; Ghyl, der sich mehr und mehr mit Emphyrio identifiziert, will die ganze Geschichte wissen, denn sie ist eng verkn\u00fcpft mit der Wahrheit seines eigenen Lebens, mit der Wahrheit \u00fcber ganz Ambroy und Halma, mit der Wahrheit als solches.<br \/>\nEmphyrio ist die Geschichte \u00fcber die Suche nach der Wahrheit, nach sich selbst und dem richtigen Handeln \u2013 keine Abenteuergeschichte, sondern ein Bildungsroman, wie Joanna Russ in ihrer Besprechung in The Magazine of Fantasy and Science Fiction im Januar 1970 schrieb.<\/p>\n","protected":false},"excerpt":{"rendered":"<p>Emphyrio Jack Vance, 1969 \u00dcbersetzt von Andreas Irle 258 Seiten, eine Karte Spatterlight, 2016 \u00a0Preis: \u20ac 4,99 Zu beziehen \u00fcber: amazon.de XinXii Vor etwa 2000 Jahren lebte ein Mensch, der die Welt befreite, indem er die Wahrheit verk\u00fcndete. Heute lebt ein junger Mann, dem die Geschichte des Befreiers keine Ruhe l\u00e4sst. Um die heutige Welt zu befreien, muss er werden&nbsp;<a href=\"http:\/\/spatterlight.de\/?page_id=175\" class=\"read-more\">Weiter lesen<\/a><\/p>\n","protected":false},"author":2,"featured_media":0,"parent":369,"menu_order":0,"comment_status":"closed","ping_status":"closed","template":"","meta":{"footnotes":""},"_links":{"self":[{"href":"http:\/\/spatterlight.de\/index.php?rest_route=\/wp\/v2\/pages\/175"}],"collection":[{"href":"http:\/\/spatterlight.de\/index.php?rest_route=\/wp\/v2\/pages"}],"about":[{"href":"http:\/\/spatterlight.de\/index.php?rest_route=\/wp\/v2\/types\/page"}],"author":[{"embeddable":true,"href":"http:\/\/spatterlight.de\/index.php?rest_route=\/wp\/v2\/users\/2"}],"replies":[{"embeddable":true,"href":"http:\/\/spatterlight.de\/index.php?rest_route=%2Fwp%2Fv2%2Fcomments&post=175"}],"version-history":[{"count":7,"href":"http:\/\/spatterlight.de\/index.php?rest_route=\/wp\/v2\/pages\/175\/revisions"}],"predecessor-version":[{"id":797,"href":"http:\/\/spatterlight.de\/index.php?rest_route=\/wp\/v2\/pages\/175\/revisions\/797"}],"up":[{"embeddable":true,"href":"http:\/\/spatterlight.de\/index.php?rest_route=\/wp\/v2\/pages\/369"}],"wp:attachment":[{"href":"http:\/\/spatterlight.de\/index.php?rest_route=%2Fwp%2Fv2%2Fmedia&parent=175"}],"curies":[{"name":"wp","href":"https:\/\/api.w.org\/{rel}","templated":true}]}}