{"id":177,"date":"2017-07-08T12:33:12","date_gmt":"2017-07-08T10:33:12","guid":{"rendered":"http:\/\/editionandreasirle.com\/?page_id=177"},"modified":"2018-09-08T18:00:33","modified_gmt":"2018-09-08T16:00:33","slug":"t-khasch-die","status":"publish","type":"page","link":"http:\/\/spatterlight.de\/?page_id=177","title":{"rendered":"Die Khasch"},"content":{"rendered":"<p><img loading=\"lazy\" decoding=\"async\" class=\"aligncenter size-medium wp-image-682\" src=\"http:\/\/editionandreasirle.com\/wp-content\/uploads\/2017\/11\/Tschai1-Khasch-DE-225x300.jpg\" alt=\"\" width=\"225\" height=\"300\" srcset=\"http:\/\/spatterlight.de\/wp-content\/uploads\/2017\/11\/Tschai1-Khasch-DE-225x300.jpg 225w, http:\/\/spatterlight.de\/wp-content\/uploads\/2017\/11\/Tschai1-Khasch-DE-768x1024.jpg 768w, http:\/\/spatterlight.de\/wp-content\/uploads\/2017\/11\/Tschai1-Khasch-DE.jpg 1605w\" sizes=\"(max-width: 225px) 100vw, 225px\" \/><\/p>\n<p><center>The Chasch<br \/>\nJack Vance, 1968<br \/>\n\u00dcbersetzt von Andreas Irle<br \/>\n195 Seiten, eineKarte<br \/>\nSpatterlight, 2017<\/center><\/p>\n<div align=\"center\">\u00a0Preis: \u20ac 4,99<\/div>\n<div align=\"center\"><\/div>\n<div align=\"center\"><\/div>\n<div align=\"center\">Zu beziehen \u00fcber:<\/div>\n<div align=\"center\"><\/div>\n<div align=\"center\"><a href=\"https:\/\/www.amazon.de\/Die-Khasch-Tschai-Jack-Vance-ebook\/dp\/B06XV9FXK8\/ref=sr_1_1?s=digital-text&amp;ie=UTF8&amp;qid=1510326024&amp;sr=1-1&amp;keywords=jack+vance+tschai\" target=\"_blank\" rel=\"noopener noreferrer\">amazon.de<\/a><\/div>\n<div align=\"center\"><a href=\"http:\/\/www.xinxii.com\/die-khasch-p-383060.html\" target=\"_blank\" rel=\"noopener noreferrer\">XinXii<\/a><\/div>\n<div align=\"center\"><\/div>\n<div align=\"center\"><\/div>\n<p style=\"text-align: left;\">Adam Reith st\u00fcrzt mit einem Scoutboot auf Tschai ab, einem Planeten der die Sonne Carina 4269 umkreist \u2013 212 Lichtjahre von der Erde entfernt. Das Mutterschiff wurde abgeschossen. Von wem? Weshalb?<br \/>\nBevor er sich diesen Fragen widmen kann, muss Adam Reith erst einmal um sein Leben k\u00e4mpfen. Denn es interessieren sich verschiedene Leute f\u00fcr den Absturz und besuchen die Absturzstelle. Aber es sind gut ger\u00fcsttete und kampfbereite Leute. Unter ihnen die Emblemmenschen \u2013 Menschen! Menschen auf Tschai? Wie ist das m\u00f6glich?<br \/>\nEs stellt sich heraus, dass die Emblemmenschen nur eine Gruppierung von vielen ist, die sich auf Tschai tummeln. Es gibt noch weitere Menschen und auch Fremdwesen, die einander nicht wohlgesonnen sind. Wer verfolgt welche Ziele?<br \/>\nReith braucht Freunde, um sich auf dieser Welt zurechtzufinden. Doch f\u00fcr die Einheimischen ist er ein suspekter Fremder, der seltsame Ansichten vertritt. F\u00fcr ihn beginnt das Leben auf dem Planeten der Abenteuer ...<\/p>\n<p style=\"text-align: left;\">\u00a0\u00a0\u00a0 \u00a0\u00a0\u00a0 \u00a0\u00a0\u00a0 \u00a0\u00a0\u00a0 \u00a0\u00a0\u00a0 Dies ist der erste Band der vierb\u00e4ndigen Tschai-Reihe, die in neuer, vollst\u00e4ndiger \u00dcbersetzung aufgelegt wird \u2013 erstmals mit einer Karte.<\/p>\n<p>&nbsp;<\/p>\n","protected":false},"excerpt":{"rendered":"<p>The Chasch Jack Vance, 1968 \u00dcbersetzt von Andreas Irle 195 Seiten, eineKarte Spatterlight, 2017 \u00a0Preis: \u20ac 4,99 Zu beziehen \u00fcber: amazon.de XinXii Adam Reith st\u00fcrzt mit einem Scoutboot auf Tschai ab, einem Planeten der die Sonne Carina 4269 umkreist \u2013 212 Lichtjahre von der Erde entfernt. Das Mutterschiff wurde abgeschossen. Von wem? Weshalb? Bevor er sich diesen Fragen widmen kann,&nbsp;<a href=\"http:\/\/spatterlight.de\/?page_id=177\" class=\"read-more\">Weiter lesen<\/a><\/p>\n","protected":false},"author":2,"featured_media":0,"parent":369,"menu_order":0,"comment_status":"closed","ping_status":"closed","template":"","meta":{"footnotes":""},"_links":{"self":[{"href":"http:\/\/spatterlight.de\/index.php?rest_route=\/wp\/v2\/pages\/177"}],"collection":[{"href":"http:\/\/spatterlight.de\/index.php?rest_route=\/wp\/v2\/pages"}],"about":[{"href":"http:\/\/spatterlight.de\/index.php?rest_route=\/wp\/v2\/types\/page"}],"author":[{"embeddable":true,"href":"http:\/\/spatterlight.de\/index.php?rest_route=\/wp\/v2\/users\/2"}],"replies":[{"embeddable":true,"href":"http:\/\/spatterlight.de\/index.php?rest_route=%2Fwp%2Fv2%2Fcomments&post=177"}],"version-history":[{"count":9,"href":"http:\/\/spatterlight.de\/index.php?rest_route=\/wp\/v2\/pages\/177\/revisions"}],"predecessor-version":[{"id":800,"href":"http:\/\/spatterlight.de\/index.php?rest_route=\/wp\/v2\/pages\/177\/revisions\/800"}],"up":[{"embeddable":true,"href":"http:\/\/spatterlight.de\/index.php?rest_route=\/wp\/v2\/pages\/369"}],"wp:attachment":[{"href":"http:\/\/spatterlight.de\/index.php?rest_route=%2Fwp%2Fv2%2Fmedia&parent=177"}],"curies":[{"name":"wp","href":"https:\/\/api.w.org\/{rel}","templated":true}]}}