{"id":187,"date":"2017-07-08T12:31:39","date_gmt":"2017-07-08T10:31:39","guid":{"rendered":"http:\/\/editionandreasirle.com\/?page_id=187"},"modified":"2018-09-08T18:04:37","modified_gmt":"2018-09-08T16:04:37","slug":"t-clarges","status":"publish","type":"page","link":"http:\/\/spatterlight.de\/?page_id=187","title":{"rendered":"Clarges"},"content":{"rendered":"<p><img loading=\"lazy\" decoding=\"async\" class=\"aligncenter size-medium wp-image-717\" src=\"http:\/\/editionandreasirle.com\/wp-content\/uploads\/2016\/11\/Clarges-DE-ebook-225x300.jpg\" alt=\"\" width=\"225\" height=\"300\" srcset=\"http:\/\/spatterlight.de\/wp-content\/uploads\/2016\/11\/Clarges-DE-ebook-225x300.jpg 225w, http:\/\/spatterlight.de\/wp-content\/uploads\/2016\/11\/Clarges-DE-ebook-768x1024.jpg 768w, http:\/\/spatterlight.de\/wp-content\/uploads\/2016\/11\/Clarges-DE-ebook.jpg 1500w\" sizes=\"(max-width: 225px) 100vw, 225px\" \/><\/p>\n<p><center>Clarges<br \/>\nJack Vance, 1956<br \/>\n\u00dcbersetzt von Andreas Irle<br \/>\n255 Seiten<br \/>\nSpatterlight, 2017<\/center><\/p>\n<div align=\"center\">\u00a0Preis: \u20ac 4,99<\/div>\n<p><center><\/center><center>zu beziehen \u00fcber<\/center><center>\u00a0<a href=\"https:\/\/www.amazon.de\/dp\/B077T99W1F\/ref=sr_1_1?s=digital-text&amp;ie=UTF8&amp;qid=1511979549&amp;sr=1-1&amp;keywords=jack+vance\" target=\"_blank\" rel=\"noopener noreferrer\">amazon<\/a><\/center><center><a href=\"http:\/\/www.xinxii.com\/clarges-p-383056.html\" target=\"_blank\" rel=\"noopener noreferrer\">XinXii<\/a><\/center><\/p>\n<p style=\"text-align: left;\">Clarges, die Stadt am Fluss Choral, ist die letzte zivilisierte Metropole der Erde. Die Menschen dort gehen ihren Strebschaften nach, um sich den Aufstieg in die n\u00e4chsth\u00f6here Stufe der Gesellschaft zu verdienen und damit gleichzeitig ihre Lebenszeit zu verl\u00e4ngern.<\/p>\n<p style=\"text-align: left;\">Mitglieder der Amarant-Gesellschaft haben nicht nur eine unbeschr\u00e4nkte Lebenszeit, sondern sind auch vor Unf\u00e4llen gesch\u00fctzt. Sie besitzen Simulakren, die sie immer wieder aktualisieren. St\u00f6\u00dft ihnen etwas zu, werden diese geklonten Abbilder ihrer selbst geweckt und setzen ihr Leben fort.<\/p>\n<p style=\"text-align: left;\">Das Ventil f\u00fcr den Druck, der durch das t\u00e4gliche Streben nach Steigung entsteht, ist das Vergn\u00fcgungsviertel Carnevalle \u2013 hier mischen sich die Menschen aller Gesellschaftsschichten, um das allt\u00e4gliche Leben abzusch\u00fctteln und sich zu zerstreuen.<\/p>\n<p style=\"text-align: left;\">In Carnevalle bereitet Given Waylock seinen sozialen Aufstieg vor, um in die Amarant-Gesellschaft vorzusto\u00dfen. Allerdings holt ihn dabei seine Vergangenheit ein und der Plan droht zu scheitern.<\/p>\n<p>Dazu kommt die \u00dcberbev\u00f6lkerung, mit dem Clarges zu ringen hat \u2013 mit allen Erscheinungsformen, die dieses Problem mit sich bringt ...<\/p>\n","protected":false},"excerpt":{"rendered":"<p>Clarges Jack Vance, 1956 \u00dcbersetzt von Andreas Irle 255 Seiten Spatterlight, 2017 \u00a0Preis: \u20ac 4,99 zu beziehen \u00fcber\u00a0amazonXinXii Clarges, die Stadt am Fluss Choral, ist die letzte zivilisierte Metropole der Erde. Die Menschen dort gehen ihren Strebschaften nach, um sich den Aufstieg in die n\u00e4chsth\u00f6here Stufe der Gesellschaft zu verdienen und damit gleichzeitig ihre Lebenszeit zu verl\u00e4ngern. Mitglieder der Amarant-Gesellschaft&nbsp;<a href=\"http:\/\/spatterlight.de\/?page_id=187\" class=\"read-more\">Weiter lesen<\/a><\/p>\n","protected":false},"author":2,"featured_media":0,"parent":369,"menu_order":0,"comment_status":"closed","ping_status":"closed","template":"","meta":{"footnotes":""},"_links":{"self":[{"href":"http:\/\/spatterlight.de\/index.php?rest_route=\/wp\/v2\/pages\/187"}],"collection":[{"href":"http:\/\/spatterlight.de\/index.php?rest_route=\/wp\/v2\/pages"}],"about":[{"href":"http:\/\/spatterlight.de\/index.php?rest_route=\/wp\/v2\/types\/page"}],"author":[{"embeddable":true,"href":"http:\/\/spatterlight.de\/index.php?rest_route=\/wp\/v2\/users\/2"}],"replies":[{"embeddable":true,"href":"http:\/\/spatterlight.de\/index.php?rest_route=%2Fwp%2Fv2%2Fcomments&post=187"}],"version-history":[{"count":7,"href":"http:\/\/spatterlight.de\/index.php?rest_route=\/wp\/v2\/pages\/187\/revisions"}],"predecessor-version":[{"id":804,"href":"http:\/\/spatterlight.de\/index.php?rest_route=\/wp\/v2\/pages\/187\/revisions\/804"}],"up":[{"embeddable":true,"href":"http:\/\/spatterlight.de\/index.php?rest_route=\/wp\/v2\/pages\/369"}],"wp:attachment":[{"href":"http:\/\/spatterlight.de\/index.php?rest_route=%2Fwp%2Fv2%2Fmedia&parent=187"}],"curies":[{"name":"wp","href":"https:\/\/api.w.org\/{rel}","templated":true}]}}