{"id":232,"date":"2017-07-08T12:25:49","date_gmt":"2017-07-08T10:25:49","guid":{"rendered":"http:\/\/editionandreasirle.com\/?page_id=232"},"modified":"2017-12-03T19:01:56","modified_gmt":"2017-12-03T18:01:56","slug":"v-verlag","status":"publish","type":"page","link":"http:\/\/spatterlight.de\/?page_id=232","title":{"rendered":"Verlag"},"content":{"rendered":"<p>&nbsp;<\/p>\n<h3 style=\"text-align: left;\">Der Verlag<\/h3>\n<p>Spatterlight ist der Name des Verlages, den John Vance gegr\u00fcndet hat, um das Werk seines Vaters \u2013 Jack Vance \u2013 zu ver\u00f6ffentlichen. Als E-Books und als\u00a0Paperback-Ausgaben. Die Texte, welche f\u00fcr diese B\u00fccher verwendet werden, basieren auf dem digitalisierten Material des VIE-Projekts (Vance Integral Edition), das zwischen 1999 und 2006 das Gesamtwerk von Jack Vance in 45 B\u00e4nden herausgebracht hat. Weltweit haben rund 300 freiwillige, \u00fcber das Internet koordinierte Mitarbeiter dieses Projekt erm\u00f6glicht.<\/p>\n<p>John Vance wird unterst\u00fctzt von etlichen Personen, die bereits am VIE-Projekt ma\u00dfgeblich beteiligt waren. So gibt es auch seit einiger Zeit eine niederl\u00e4ndisch Spatterlight-Seite und eine franz\u00f6sischer-Spatterlight-Facebookseite.<\/p>\n<p><a href=\"https:\/\/www.jackvance.com\/home\/\" target=\"_blank\" rel=\"noopener noreferrer\">Spatterlight.com<\/a><\/p>\n<p><a href=\"http:\/\/www.spatterlight.nl\/\" target=\"_blank\" rel=\"noopener noreferrer\">Spatterlight.nl<\/a><\/p>\n<p><a href=\"https:\/\/www.facebook.com\/Spatterlight.FR\/\" target=\"_blank\" rel=\"noopener noreferrer\">Spatterlight-Facebook.fr<\/a><\/p>\n<p>Spatterlight-Manager sind John Vance und Koen Vyverman<\/p>\n<p>&nbsp;<\/p>\n<p>Die Edition AI arbeitet mit Spatterlight Press zusammen. Aus dieser Zusammenarbeit wurde Spatterlight.de geboren.<\/p>\n<p>Die Titelbilder und die Karten, welche Spatterlight.de verwendet, stammen von den amerikanischen Original- und den niederl\u00e4ndischen Ausgaben. Verschiedene K\u00fcnstler haben diese speziell f\u00fcr Spatterlight angefertigt.<\/p>\n","protected":false},"excerpt":{"rendered":"<p>&nbsp; Der Verlag Spatterlight ist der Name des Verlages, den John Vance gegr\u00fcndet hat, um das Werk seines Vaters \u2013 Jack Vance \u2013 zu ver\u00f6ffentlichen. Als E-Books und als\u00a0Paperback-Ausgaben. Die Texte, welche f\u00fcr diese B\u00fccher verwendet werden, basieren auf dem digitalisierten Material des VIE-Projekts (Vance Integral Edition), das zwischen 1999 und 2006 das Gesamtwerk von Jack Vance in 45 B\u00e4nden&nbsp;<a href=\"http:\/\/spatterlight.de\/?page_id=232\" class=\"read-more\">Weiter lesen<\/a><\/p>\n","protected":false},"author":2,"featured_media":0,"parent":0,"menu_order":0,"comment_status":"closed","ping_status":"closed","template":"","meta":{"footnotes":""},"_links":{"self":[{"href":"http:\/\/spatterlight.de\/index.php?rest_route=\/wp\/v2\/pages\/232"}],"collection":[{"href":"http:\/\/spatterlight.de\/index.php?rest_route=\/wp\/v2\/pages"}],"about":[{"href":"http:\/\/spatterlight.de\/index.php?rest_route=\/wp\/v2\/types\/page"}],"author":[{"embeddable":true,"href":"http:\/\/spatterlight.de\/index.php?rest_route=\/wp\/v2\/users\/2"}],"replies":[{"embeddable":true,"href":"http:\/\/spatterlight.de\/index.php?rest_route=%2Fwp%2Fv2%2Fcomments&post=232"}],"version-history":[{"count":11,"href":"http:\/\/spatterlight.de\/index.php?rest_route=\/wp\/v2\/pages\/232\/revisions"}],"predecessor-version":[{"id":713,"href":"http:\/\/spatterlight.de\/index.php?rest_route=\/wp\/v2\/pages\/232\/revisions\/713"}],"wp:attachment":[{"href":"http:\/\/spatterlight.de\/index.php?rest_route=%2Fwp%2Fv2%2Fmedia&parent=232"}],"curies":[{"name":"wp","href":"https:\/\/api.w.org\/{rel}","templated":true}]}}