{"id":245,"date":"2017-07-08T12:27:31","date_gmt":"2017-07-08T10:27:31","guid":{"rendered":"http:\/\/editionandreasirle.com\/?page_id=245"},"modified":"2017-07-08T16:39:23","modified_gmt":"2017-07-08T14:39:23","slug":"jv-biografie","status":"publish","type":"page","link":"http:\/\/spatterlight.de\/?page_id=245","title":{"rendered":"Biografie"},"content":{"rendered":"<p>1916\u00a0\u00a0\u00a0 am 28. August wird John Holbrook Vance als drittes von f\u00fcnf Kindern von Charles Albert und Edith (Hoefler) Vance in San Franzisko geboren. Er verbringt seine Kindheit auf einer Ranch im San-Joaquin-Tal.<\/p>\n<p>1937\u00a0\u00a0\u00a0 beginnt Studium an der Universit\u00e4t von Berkeley \u2013 Bergbau, Physik, sp\u00e4ter wechselt er zu Englisch, Geschichte und Journalismus<\/p>\n<p>1939-45 schreibt als Jazz-Kolumnist f\u00fcr The Daily Californian. Arbeitet als Elektriker in Pearl Harbor, von wo er kurz vor dem japanischen Angriff abreist, um Japanisch zu studieren. F\u00e4hrt als Matrose bei der Handelsmarine zur See. Ver\u00f6ffentlichung seiner ersten bezahlten Kurzgeschichte \u00bbThe World-Thinker\u00ab. Wird Zimmermann.<\/p>\n<p>1946\u00a0\u00a0\u00a0 heiratet Norma Ingold<\/p>\n<p>1950\u00a0\u00a0\u00a0 Ver\u00f6ffentlichung seines ersten Buches The Dying Earth. Umsetzung seiner Kurzgeschichte \u00bbThe Potters of Firsk\u00ab als H\u00f6rspiel<\/p>\n<p>1952\/53 schreibt sechs Episoden f\u00fcr die TV-Serie \u00bbCaptain Video and His Video Rangers\u00ab<\/p>\n<p>1960\u00a0\u00a0\u00a0 gewinnt mit The Man in the Cage den Edgar Allan Poe Award<\/p>\n<p>1961\u00a0\u00a0\u00a0 sein Sohn John Holbrook II wird geboren. Verfilmung von <em>The Man in the Cage<\/em><\/p>\n<p>1962\u00a0\u00a0\u00a0 ist Ehrengast beim WesterCon<\/p>\n<p>1963\u00a0\u00a0\u00a0 gewinnt mit \u00bbThe Dragon Masters\u00ab den Hugo Award<\/p>\n<p>1966\/67 gewinnt mit \u00bbThe Last Castle\u00ab Hugo und Nebula Award. Er beendet seine T\u00e4tigkeit als Zimmermann und wird freier Schriftsteller<\/p>\n<p>1974\u00a0\u00a0\u00a0 Verfilmung von <em>Bad Ronald<\/em><\/p>\n<p>1975\u00a0\u00a0\u00a0 gewinnt mit \u00bbThe Seventeen Virgins\u00ab den Jupiter Award<\/p>\n<p>1976\u00a0\u00a0\u00a0 ist Ehrengast beim Scandinavian Con, Schweden<\/p>\n<p>1977\u00a0\u00a0\u00a0\u00a0 gewinnt den japanischen Seiun-Award mit \u00bbThe Dragon Masters\u00ab<\/p>\n<p>1978\u00a0\u00a0\u00a0 Ver\u00f6ffentlichung von <em>Fantasms: A Bibliography of the Literature of Jack Vance<\/em><\/p>\n<p>1979\u00a0\u00a0\u00a0 ist Ehrengast beim V-Con VII in Vancouver, Kanada. Ver\u00f6ffentlichung von <em>Fantasms II: A Bibliography of the Works of Jack Vance<\/em><\/p>\n<p>1980\u00a0\u00a0\u00a0 ist Ehrengast beim World Fantasy Con in Maryland, USA. Ver\u00f6ffentlichung der Essaysammlung <em>Jack Vance<\/em><\/p>\n<p>1981\u00a0\u00a0\u00a0 ist Ehrengast beim Minicon 17 in Minnesota, USA und beim HillCon\/Benelux Con in den Niederlanden<\/p>\n<p>1982\u00a0\u00a0\u00a0 ist Ehrengast beim TschaiCon in Australien<\/p>\n<p>1984\u00a0\u00a0\u00a0 erh\u00e4lt den World Fantasy Award f\u00fcr sein Lebenswerk<\/p>\n<p>1985\u00a0\u00a0\u00a0 ist Ehrengast beim ArmadillaCon in Texas, USA. Jubil\u00e4umsver\u00f6ffentlichung <em>Light from a Lone Star<\/em> erscheint zu diesem Anlass<\/p>\n<p>1986\u00a0\u00a0\u00a0 Ver\u00f6ffentlichung von <em>Demon Prince \u2013 the Dissonant Worlds of Jack Vance<\/em><\/p>\n<p>1988\u00a0\u00a0\u00a0 gewinnt den spanischen Gilgam\u00e9s Award mit <em>Cugel's Saga<\/em><\/p>\n<p>1989\u00a0\u00a0\u00a0 gewinnt den spanischen Gilgam\u00e9s Award mit <em>The Star King<\/em><\/p>\n<p>1990\u00a0\u00a0\u00a0 gewinnt mit Lyonesse: <em>Madouc<\/em> den World Fantasy Award<\/p>\n<p>1991\u00a0\u00a0\u00a0 gewinnt den spanischen Gilgam\u00e9s Award mit <em>The Green Pearl<\/em><\/p>\n<p>1992\u00a0\u00a0\u00a0 ist Ehrengast beim Magicon World SF Convention. Ver\u00f6ffentlichung von <em>The Jack Vance Lexicon \u2013 from Ahulph to Zipangote<\/em><\/p>\n<p>1993\u00a0\u00a0\u00a0 gewinnt den spanischen Gilgam\u00e9s Award mit <em>Madouc<\/em><\/p>\n<p>1994\u00a0\u00a0\u00a0 Ver\u00f6ffentlichung von <em>The Work of Jack Vance: An Annotated Bibliography &amp; Guide<\/em><\/p>\n<p>1996\u00a0\u00a0\u00a0 gewinn des Retro-Hugos 1945 mit \u00bbThe World-Thinker\u00ab<\/p>\n<p>1997\u00a0\u00a0\u00a0 erh\u00e4lt den Nebula Grand Masters Award f\u00fcr sein Lebenswerk.<br \/>\nVer\u00f6ffentlichung von Vance Space, einem \"Reisef\u00fchrer durch die Romanwelten Vances\"<\/p>\n<p>1998\u00a0\u00a0\u00a0 ist Ehrengast beim Festival Utopia '98 in Poitiers, Frankreich und erh\u00e4lt den franz\u00f6sischen Prix Utopia '98 f\u00fcr sein Lebenswerk<br \/>\ngewinnt mit <em>Ports of Call<\/em> den holl\u00e4ndischen Warp Award<\/p>\n<p>1999\u00a0\u00a0\u00a0 Ver\u00f6ffentlichung der deutschen Bibliografie <em>Jack Vance<\/em><\/p>\n<p>2000\u00a0\u00a0\u00a0 Ver\u00f6ffentlichung von <em>Jack Vance: Critical Appreciation and a Bibliography<\/em><\/p>\n<p>2001\u00a0\u00a0\u00a0 Ver\u00f6ffentlichung von <em>The Vance Integral Edition - the Complete Works of Jack Vance an Undiscovered American Classic<\/em> anl\u00e4sslich<br \/>\nder Frankfurter Buchmesse<br \/>\nAufnahme in die Science Fiction Hall of Fame<\/p>\n<p>2002\u00a0\u00a0\u00a0 ist Ehrengast beim Norwescon in Seattle, USA<br \/>\nVer\u00f6ffentlichung von <em>An Encyclopedia of Jack Vance: 20th Century Science Fiction Writer<\/em><br \/>\n(Studies in American Literature, 50), David G. Mead<\/p>\n<p>2003\u00a0\u00a0\u00a0 Ver\u00f6ffentlichung der ersten H\u00e4lfte von Vances Gesamtwerk \u2013 VIE (Vance Integral Edition) \u2013 in 22 B\u00e4nden.<br \/>\nist Ehrengast beim Marcon in Ohio, USA<\/p>\n<p>2005 \u00a0\u00a0 Ver\u00f6ffentlichung der zweiten H\u00e4lfte von Vances Gesamtwerk \u2013 VIE (Vance Integral Edition) \u2013 in 22 B\u00e4nden.<\/p>\n<p>2006 \u00a0\u00a0 Ver\u00f6ffentlichung des VIE-Zusatzbandes 14 bis mit den Texten, die Vance unter dem Pseudonym \"Ellery Queen\"<br \/>\ngeschrieben hat.<\/p>\n<p>2008\u00a0\u00a0\u00a0 Norma Vance stirbt am 25. M\u00e4rz<\/p>\n<p>2009 \u00a0\u00a0 Ver\u00f6ffentlichung von <big><big><small><small>WINGED BEING \u2013\u00a0 Thoughs on Jack Vance and Patient Explanations of the Obvious von Paul Rhoads.<br \/>\n<\/small><\/small><\/big><\/big><\/p>\n<p>2010\u00a0\u00a0\u00a0 gewinnt mit <em>This is Me, Jack Vance! (Or, More Properly, This is \u201cI\u201d)<\/em> den Hugo Award in der Kategorie Sachbuch<\/p>\n<p>2011\u00a0\u00a0\u00a0 Vortrag von Mark von Schlegell: Beyond the paperback revolution (Jack Vance) in der Staatliche Hochschule f\u00fcr Bildende K\u00fcnste -St\u00e4delschule- Frankfurt<\/p>\n<p>2013\u00a0\u00a0\u00a0 im M\u00e4rz ver\u00f6ffentlicht Jack Vance eine Jazz-CD \u2013 <em>The Go for Broke Jazz Band<\/em><br \/>\nJack Vance stirbt am 26. Mai zu Hause in Oakland<\/p>\n<p>2014\u00a0 Ver\u00f6ffentlichung von\u00a0 <em>Handbook of Vance Space<\/em>, einer erweiterten Version von Vance Space \"Reisef\u00fchrer durch die Romanwelten Vances\" von 1997.<\/p>\n","protected":false},"excerpt":{"rendered":"<p>1916\u00a0\u00a0\u00a0 am 28. August wird John Holbrook Vance als drittes von f\u00fcnf Kindern von Charles Albert und Edith (Hoefler) Vance in San Franzisko geboren. Er verbringt seine Kindheit auf einer Ranch im San-Joaquin-Tal. 1937\u00a0\u00a0\u00a0 beginnt Studium an der Universit\u00e4t von Berkeley \u2013 Bergbau, Physik, sp\u00e4ter wechselt er zu Englisch, Geschichte und Journalismus 1939-45 schreibt als Jazz-Kolumnist f\u00fcr The Daily Californian.&nbsp;<a href=\"http:\/\/spatterlight.de\/?page_id=245\" class=\"read-more\">Weiter lesen<\/a><\/p>\n","protected":false},"author":2,"featured_media":0,"parent":0,"menu_order":0,"comment_status":"closed","ping_status":"closed","template":"","meta":{"footnotes":""},"_links":{"self":[{"href":"http:\/\/spatterlight.de\/index.php?rest_route=\/wp\/v2\/pages\/245"}],"collection":[{"href":"http:\/\/spatterlight.de\/index.php?rest_route=\/wp\/v2\/pages"}],"about":[{"href":"http:\/\/spatterlight.de\/index.php?rest_route=\/wp\/v2\/types\/page"}],"author":[{"embeddable":true,"href":"http:\/\/spatterlight.de\/index.php?rest_route=\/wp\/v2\/users\/2"}],"replies":[{"embeddable":true,"href":"http:\/\/spatterlight.de\/index.php?rest_route=%2Fwp%2Fv2%2Fcomments&post=245"}],"version-history":[{"count":5,"href":"http:\/\/spatterlight.de\/index.php?rest_route=\/wp\/v2\/pages\/245\/revisions"}],"predecessor-version":[{"id":438,"href":"http:\/\/spatterlight.de\/index.php?rest_route=\/wp\/v2\/pages\/245\/revisions\/438"}],"wp:attachment":[{"href":"http:\/\/spatterlight.de\/index.php?rest_route=%2Fwp%2Fv2%2Fmedia&parent=245"}],"curies":[{"name":"wp","href":"https:\/\/api.w.org\/{rel}","templated":true}]}}