{"id":369,"date":"2017-07-08T13:09:20","date_gmt":"2017-07-08T11:09:20","guid":{"rendered":"http:\/\/editionandreasirle.com\/?page_id=369"},"modified":"2023-02-25T19:37:37","modified_gmt":"2023-02-25T18:37:37","slug":"titel","status":"publish","type":"page","link":"http:\/\/spatterlight.de\/?page_id=369","title":{"rendered":"Baum des Lebens und Die H\u00e4user von Iszmus"},"content":{"rendered":"<div class=\"wp-block-image\">\n<figure class=\"aligncenter size-medium\"><img loading=\"lazy\" decoding=\"async\" width=\"225\" height=\"300\" src=\"http:\/\/spatterlight.de\/wp-content\/uploads\/2020\/12\/Baum-des-Lebens-Die-H\u00e4user-von-Iszmus-DE-225x300.jpg\" alt=\"\" class=\"wp-image-1024\" srcset=\"http:\/\/spatterlight.de\/wp-content\/uploads\/2020\/12\/Baum-des-Lebens-Die-H\u00e4user-von-Iszmus-DE-225x300.jpg 225w, http:\/\/spatterlight.de\/wp-content\/uploads\/2020\/12\/Baum-des-Lebens-Die-H\u00e4user-von-Iszmus-DE-768x1024.jpg 768w, http:\/\/spatterlight.de\/wp-content\/uploads\/2020\/12\/Baum-des-Lebens-Die-H\u00e4user-von-Iszmus-DE.jpg 1500w\" sizes=\"(max-width: 225px) 100vw, 225px\" \/><\/figure><\/div>\n\n\n<p><\/p>\n\n\n\n<p class=\"has-text-align-center\">Son of the Tree und The Houses of Iszm<br>Jack Vance, 1951 und 1954<br>\u00dcbersetzt von Andreas Irle<br>Spatterlight, 2020<\/p>\n\n\n\n<p class=\"has-text-align-center\">ISBN 978-1-61947-397-3<br>Preis \u20ac 4,99<br><a rel=\"noreferrer noopener\" href=\"https:\/\/www.amazon.de\/Baum-Lebens-Die-H%C3%A4user-Iszmus-ebook\/dp\/B08QH5QRBG\/ref=sr_1_10?__mk_de_DE=%C3%85M%C3%85%C5%BD%C3%95%C3%91&amp;dchild=1&amp;keywords=Jack+Vance&amp;qid=1619789638&amp;s=digital-text&amp;sr=1-10&amp;asin=B08QH5QRBG&amp;revisionId=a5cde49f&amp;format=1&amp;depth=1\" target=\"_blank\">amazon<\/a><\/p>\n\n\n\n<p>In diesen beiden fr\u00fchen Kurzromanen erz\u00e4hlt Jack Vance Geschichten von Fanatismus, interplanetarer Politik, Intrigen und Listen. Gleichzeitig zeigen sie das, wof\u00fcr dieser Schriftsteller bekannt ist: Einfallsreichtum, Reichhaltigkeit der Details und farbenfrohe Schilderungen.<\/p>\n\n\n\n<p>\u201eBaum des Lebens\u201c<\/p>\n\n\n\n<p>Joe, ein junger Erdenmensch, strandet auf Kyril, einem Planeten, der von f\u00fcnf Milliarden Landarbeitern und zwei Millionen Druiden bewohnt wird \u2013 und von einem gro\u00dfen Baum. Der Baum, der von den Druiden verehrt wird, ragt von der Wurzel bis zur letzten Knospe nahezu zwanzig Kilometer empor und teilt die Wolken. Joe wird in einen Wirbel der Ver\u00e4nderungen hineingezogen, in dessen Zentrum eine Topfpflanze steht.<\/p>\n\n\n\n<p>\u201eDie H\u00e4user von Iszmus\u201c<\/p>\n\n\n\n<p>Seit zweihunderttausend Jahren sind die Isziker bereits die Meister der Botanik. Sie haben halbintelligente B\u00e4ume entwickelt, die keine M\u00f6bel, Rohrleitungen oder sonstige Ausstattung brauchen und zum Preis eines Keimlings gez\u00fcchtet werden \u2013 die L\u00f6sung des Wohnungsbedarfs in der Galaxis! Doch die Isziker besch\u00fctzen ihr lukratives Monopol. Als Aile Farr, ein Botaniker von der Erde, auf Besuch kommt, steht er sofort unter Verdacht, ein weibliches Haus stehlen zu wollen. Und so beginnt ein Katz-und-Maus-Spiel zwischen den taktvollen, unerm\u00fcdlich freundlichen Iszikern und einem zu allem entschlossenen Mann von der Erde.<\/p>\n","protected":false},"excerpt":{"rendered":"<p>Son of the Tree und The Houses of IszmJack Vance, 1951 und 1954\u00dcbersetzt von Andreas IrleSpatterlight, 2020 ISBN 978-1-61947-397-3Preis \u20ac 4,99amazon In diesen beiden fr\u00fchen Kurzromanen erz\u00e4hlt Jack Vance Geschichten von Fanatismus, interplanetarer Politik, Intrigen und Listen. Gleichzeitig zeigen sie das, wof\u00fcr dieser Schriftsteller bekannt ist: Einfallsreichtum, Reichhaltigkeit der Details und farbenfrohe Schilderungen. \u201eBaum des Lebens\u201c Joe, ein junger Erdenmensch,&nbsp;<a href=\"http:\/\/spatterlight.de\/?page_id=369\" class=\"read-more\">Weiter lesen<\/a><\/p>\n","protected":false},"author":2,"featured_media":0,"parent":73,"menu_order":0,"comment_status":"closed","ping_status":"closed","template":"","meta":{"footnotes":""},"_links":{"self":[{"href":"http:\/\/spatterlight.de\/index.php?rest_route=\/wp\/v2\/pages\/369"}],"collection":[{"href":"http:\/\/spatterlight.de\/index.php?rest_route=\/wp\/v2\/pages"}],"about":[{"href":"http:\/\/spatterlight.de\/index.php?rest_route=\/wp\/v2\/types\/page"}],"author":[{"embeddable":true,"href":"http:\/\/spatterlight.de\/index.php?rest_route=\/wp\/v2\/users\/2"}],"replies":[{"embeddable":true,"href":"http:\/\/spatterlight.de\/index.php?rest_route=%2Fwp%2Fv2%2Fcomments&post=369"}],"version-history":[{"count":6,"href":"http:\/\/spatterlight.de\/index.php?rest_route=\/wp\/v2\/pages\/369\/revisions"}],"predecessor-version":[{"id":1167,"href":"http:\/\/spatterlight.de\/index.php?rest_route=\/wp\/v2\/pages\/369\/revisions\/1167"}],"up":[{"embeddable":true,"href":"http:\/\/spatterlight.de\/index.php?rest_route=\/wp\/v2\/pages\/73"}],"wp:attachment":[{"href":"http:\/\/spatterlight.de\/index.php?rest_route=%2Fwp%2Fv2%2Fmedia&parent=369"}],"curies":[{"name":"wp","href":"https:\/\/api.w.org\/{rel}","templated":true}]}}