{"id":84,"date":"2017-07-08T12:31:27","date_gmt":"2017-07-08T10:31:27","guid":{"rendered":"http:\/\/editionandreasirle.com\/?page_id=84"},"modified":"2025-04-17T20:41:00","modified_gmt":"2025-04-17T18:41:00","slug":"t-sterbende-erde-die","status":"publish","type":"page","link":"http:\/\/spatterlight.de\/?page_id=84","title":{"rendered":"Die sterbende Erde"},"content":{"rendered":"<p style=\"text-align: center;\"><img loading=\"lazy\" decoding=\"async\" class=\"aligncenter size-medium wp-image-1242\" src=\"http:\/\/spatterlight.de\/wp-content\/uploads\/2025\/04\/Die-sterbende-Erde-DE-233x300.jpg\" alt=\"\" width=\"233\" height=\"300\" srcset=\"http:\/\/spatterlight.de\/wp-content\/uploads\/2025\/04\/Die-sterbende-Erde-DE-233x300.jpg 233w, http:\/\/spatterlight.de\/wp-content\/uploads\/2025\/04\/Die-sterbende-Erde-DE-796x1024.jpg 796w, http:\/\/spatterlight.de\/wp-content\/uploads\/2025\/04\/Die-sterbende-Erde-DE-768x988.jpg 768w, http:\/\/spatterlight.de\/wp-content\/uploads\/2025\/04\/Die-sterbende-Erde-DE-1194x1536.jpg 1194w, http:\/\/spatterlight.de\/wp-content\/uploads\/2025\/04\/Die-sterbende-Erde-DE.jpg 1500w\" sizes=\"(max-width: 233px) 100vw, 233px\" \/><\/p>\n<p style=\"text-align: center;\">Die sterbende Erde<br \/>\nUSA, 1950<br \/>\n\u00dcbersetzt von Andreas Irle<br \/>\n198 Seiten<br \/>\nSpatterlight, 2025<br \/>\nISBN\u00a0 978-1-61947-484-0<br \/>\n\u20ac 4,99<br \/>\n<a href=\"https:\/\/www.amazon.de\/dp\/B0F5C8YLPK\/ref=sr_1_2?__mk_de_DE=%C3%85M%C3%85%C5%BD%C3%95%C3%91&amp;dib=eyJ2IjoiMSJ9.3T-eREvV_6vo0nxzM1o-N_FJIfZmGQIhYag4IG0yJ2HIBR46Q04I6UfTjjUkZ1oSgjo_ACjtv28nFx-nYrQ3i3gXOorQTUlpHZ87W2THVUKcDKCIyF1ssUpw3O3FxLavFXQRwImVy-a68GA7SO518CMX-W8w9dJgJB92kk3j3ZmtVIhSB8f4QkKinFAaUk9uzCFbXgNbC9rmvgwH7uX8Rc4vwpgYRAvWjjNGZB9cFYc.QiPkeeehwHDukdxO3XPRa0fNfse_8SnfZ91_hJw7do8&amp;dib_tag=se&amp;keywords=jack+vance+die+sterbende+erde&amp;qid=1744914688&amp;s=digital-text&amp;sr=1-2\" target=\"_blank\" rel=\"noopener\">amazon<\/a><br \/>\n<a href=\"https:\/\/www.xinxii.com\/belletristik-1\/fantasy-5\/die-sterbende-erde-530752\" target=\"_blank\" rel=\"noopener\">Spatterlight-Shop<\/a><\/p>\n<p>Das erste Buch der Geschichten um die sterbende Erde erz\u00e4hlt die Abenteuer verschiedener Personen, die alle etwa zur gleichen Zeit an mitunter den gleichen Orten spielen.<br \/>\nDa ist Turjan von Miir, der Unterweisung bei Pandelume erbittet und diesem einen Dienst erweisen muss.<br \/>\nMazirian der Magier mag es, in seinem fantastischen Garten zu wandeln und wundert sich \u00fcber eine Besucherin, die ihn aus dem Wald heraus beobachtet. Er w\u00fcrde sich gern n\u00e4her mit ihr befassen.<br \/>\nT\u2019sais verl\u00e4sst Embelyon, um ihr Gl\u00fcck auf der sterbenden Erde zu finden. Wird sie es ausgerechnet auf der Erde der letzten Tage finden?<br \/>\nUnvermeidlich ist, dass Lian der Wandersmann zun\u00e4chst ebenfalls einen Dienst ableisten muss, um das zu erlangen, was er gern haben m\u00f6chte. Daf\u00fcr muss er die Reise nach Kaiin antreten, in die Stadt, in welcher F\u00fcrst Kandive der Goldene regiert.<br \/>\nUlan Dhor, der Neffe Kandives des Goldenen, bricht ebenfalls zu einer Reise auf. Er begibt sich nach Ampridatvir auf die Suche nach den verlorenen Tafeln von Rogol Domedonfors.<br \/>\nGuyal von Sfere wurde mit einem unstillbaren Wissensdurst geboren, der ihn schon als kleines Kind dr\u00e4ngt, solche Fragen zu stellen wie:<br \/>\n\u00bbWarum haben Quadrate mehr Seiten als Dreiecke?\u00ab<br \/>\n\u00bbWie werden wir sehen, nachdem die Sonne ausgegangen ist?\u00ab<br \/>\n\u00bbWachsen unter dem Meer Blumen?\u00ab<br \/>\n\u00bbZischen und prasseln die Sterne, wenn es des Nachts regnet?\u00ab<br \/>\nIst es m\u00f6glich, die Leere in seinem Verstand zu f\u00fcllen?<\/p>\n","protected":false},"excerpt":{"rendered":"<p>Die sterbende Erde USA, 1950 \u00dcbersetzt von Andreas Irle 198 Seiten Spatterlight, 2025 ISBN\u00a0 978-1-61947-484-0 \u20ac 4,99 amazon Spatterlight-Shop Das erste Buch der Geschichten um die sterbende Erde erz\u00e4hlt die Abenteuer verschiedener Personen, die alle etwa zur gleichen Zeit an mitunter den gleichen Orten spielen. Da ist Turjan von Miir, der Unterweisung bei Pandelume erbittet und diesem einen Dienst erweisen&nbsp;<a href=\"http:\/\/spatterlight.de\/?page_id=84\" class=\"read-more\">Weiter lesen<\/a><\/p>\n","protected":false},"author":2,"featured_media":0,"parent":369,"menu_order":0,"comment_status":"closed","ping_status":"closed","template":"","meta":{"footnotes":""},"_links":{"self":[{"href":"http:\/\/spatterlight.de\/index.php?rest_route=\/wp\/v2\/pages\/84"}],"collection":[{"href":"http:\/\/spatterlight.de\/index.php?rest_route=\/wp\/v2\/pages"}],"about":[{"href":"http:\/\/spatterlight.de\/index.php?rest_route=\/wp\/v2\/types\/page"}],"author":[{"embeddable":true,"href":"http:\/\/spatterlight.de\/index.php?rest_route=\/wp\/v2\/users\/2"}],"replies":[{"embeddable":true,"href":"http:\/\/spatterlight.de\/index.php?rest_route=%2Fwp%2Fv2%2Fcomments&post=84"}],"version-history":[{"count":11,"href":"http:\/\/spatterlight.de\/index.php?rest_route=\/wp\/v2\/pages\/84\/revisions"}],"predecessor-version":[{"id":1246,"href":"http:\/\/spatterlight.de\/index.php?rest_route=\/wp\/v2\/pages\/84\/revisions\/1246"}],"up":[{"embeddable":true,"href":"http:\/\/spatterlight.de\/index.php?rest_route=\/wp\/v2\/pages\/369"}],"wp:attachment":[{"href":"http:\/\/spatterlight.de\/index.php?rest_route=%2Fwp%2Fv2%2Fmedia&parent=84"}],"curies":[{"name":"wp","href":"https:\/\/api.w.org\/{rel}","templated":true}]}}